{"id":7598,"date":"2019-03-23T13:15:42","date_gmt":"2019-03-23T12:15:42","guid":{"rendered":"https:\/\/www.kdrei-2009.de\/WPKdrei\/?page_id=7598"},"modified":"2019-05-31T10:35:00","modified_gmt":"2019-05-31T09:35:00","slug":"2-seminocturne","status":"publish","type":"page","link":"https:\/\/www.kdrei-2009.de\/WPKdrei\/kugelsport-2\/koch-gala-2018\/turniere-2018-2\/2-seminocturne\/","title":{"rendered":"2. Seminocturne"},"content":{"rendered":"\n<p style=\"color:#5d5e5f\" class=\"has-text-color has-medium-font-size\">Leider m\u00fcssen wir dieses Turnier aus terminlichen Gr\u00fcnden absagen. N\u00e4chstes Jahr klappt es hoffentlich wieder.<\/p>\n\n\n\n<figure class=\"wp-block-image\"><img loading=\"lazy\" decoding=\"async\" width=\"425\" height=\"601\" src=\"https:\/\/www.kdrei-2009.de\/WPKdrei\/wp-content\/uploads\/2019\/05\/K3-SEMINOCTURNE-2019absageWEBkl.jpg\" alt=\"\" class=\"wp-image-7626\" srcset=\"https:\/\/www.kdrei-2009.de\/WPKdrei\/wp-content\/uploads\/2019\/05\/K3-SEMINOCTURNE-2019absageWEBkl.jpg 425w, https:\/\/www.kdrei-2009.de\/WPKdrei\/wp-content\/uploads\/2019\/05\/K3-SEMINOCTURNE-2019absageWEBkl-212x300.jpg 212w\" sizes=\"(max-width: 425px) 100vw, 425px\" \/><\/figure>\n","protected":false},"excerpt":{"rendered":"<p>Leider m\u00fcssen wir dieses Turnier aus terminlichen Gr\u00fcnden absagen. N\u00e4chstes Jahr klappt es hoffentlich wieder.<\/p>\n","protected":false},"author":1,"featured_media":0,"parent":6747,"menu_order":0,"comment_status":"closed","ping_status":"closed","template":"","meta":{"footnotes":""},"_links":{"self":[{"href":"https:\/\/www.kdrei-2009.de\/WPKdrei\/wp-json\/wp\/v2\/pages\/7598"}],"collection":[{"href":"https:\/\/www.kdrei-2009.de\/WPKdrei\/wp-json\/wp\/v2\/pages"}],"about":[{"href":"https:\/\/www.kdrei-2009.de\/WPKdrei\/wp-json\/wp\/v2\/types\/page"}],"author":[{"embeddable":true,"href":"https:\/\/www.kdrei-2009.de\/WPKdrei\/wp-json\/wp\/v2\/users\/1"}],"replies":[{"embeddable":true,"href":"https:\/\/www.kdrei-2009.de\/WPKdrei\/wp-json\/wp\/v2\/comments?post=7598"}],"version-history":[{"count":4,"href":"https:\/\/www.kdrei-2009.de\/WPKdrei\/wp-json\/wp\/v2\/pages\/7598\/revisions"}],"predecessor-version":[{"id":7633,"href":"https:\/\/www.kdrei-2009.de\/WPKdrei\/wp-json\/wp\/v2\/pages\/7598\/revisions\/7633"}],"up":[{"embeddable":true,"href":"https:\/\/www.kdrei-2009.de\/WPKdrei\/wp-json\/wp\/v2\/pages\/6747"}],"wp:attachment":[{"href":"https:\/\/www.kdrei-2009.de\/WPKdrei\/wp-json\/wp\/v2\/media?parent=7598"}],"curies":[{"name":"wp","href":"https:\/\/api.w.org\/{rel}","templated":true}]}}