{"id":760,"date":"2010-05-10T12:24:09","date_gmt":"2010-05-10T12:24:09","guid":{"rendered":"https:\/\/www.kdrei-2009.de\/WPKdrei\/?page_id=760"},"modified":"2010-05-17T15:44:31","modified_gmt":"2010-05-17T15:44:31","slug":"nachholspieltag-gegen-ruit2","status":"publish","type":"page","link":"https:\/\/www.kdrei-2009.de\/WPKdrei\/kugelsport-2\/kuegelsport-2010\/liga-2010-2\/nachholspieltag-gegen-ruit2\/","title":{"rendered":"Nachholspieltag gegen Ruit2"},"content":{"rendered":"<h3><span style=\"color: #808080;\">Am vergangenen Freitag empfingen wir unsere Ruiter Boulefreunde \u00a0in Grafenberg. \u00a0Es war eine sehr spannende Begegnung und wir mussten uns m\u00e4chtig anstrengen. Nach den knapp verlorenen Triplettes lagen wir bereits 0:2 zur\u00fcck. Ein mehr oder weniger bekannter Kleinspediteur war schon auf dem Weg zum Getr\u00e4nkemarkt, um den Ruitern das versprochene Freibier zu holen. Kdrei wollte den Ruitern nicht den Freibierabend vermiesen. Wir h\u00e4tten ja auch gerne mitgetrunken, aber es macht doch mehr Spass, den eigenen Sieg zu feiern. Trotzdem herzlichen Dank, lieber Kleinspediteur, f\u00fcr den netten Anreiz, nochmals etwas Gas zu geben und uns auf das Spiel zu konzentrieren. Nach wirklich spannenden Aufnahmen und sch\u00f6nen Aktionen auf beiden Seiten, konnten die Doublettes, Max &amp; Wolfgang, Werner &amp; Andi sowie Gundi &amp; Walter die erforderlichen 3 Siege erspielen. Nach Auskunft einiger Zuschauer wartet noch eine andere Mannschaft seit l\u00e4ngerer Zeit auf versprochenes Bier aus dieser Ecke. Liebe Ruiter, wir empfehlen euch f\u00fcr solche Abmachungen einen anderen Lieferanten. Versprochenes Bier sollte frisch und nicht abgestanden sein.<\/span><\/h3>\n<h3><span style=\"color: #808080;\">F\u00fcr Kdrei Grafenberg spielten heute: Gundi, Hanne, Max, Wolfgang, Werner, Walter und Andi.<\/p>\n<div id=\"attachment_768\" style=\"width: 160px\" class=\"wp-caption aligncenter\"><a href=\"https:\/\/www.kdrei-2009.de\/WPKdrei\/wp-content\/uploads\/2010\/05\/K3_liga100507_04a-web1.jpg\" rel=\"lightbox[760]\"><img loading=\"lazy\" decoding=\"async\" aria-describedby=\"caption-attachment-768\" class=\"size-thumbnail wp-image-768\" title=\"K3_liga100507_04a-web\" src=\"https:\/\/www.kdrei-2009.de\/WPKdrei\/wp-content\/uploads\/2010\/05\/K3_liga100507_04a-web1-150x150.jpg\" alt=\"\" width=\"150\" height=\"150\" \/><\/a><p id=\"caption-attachment-768\" class=\"wp-caption-text\">Manschaften ohne Fassbier.<\/p><\/div>\n<p><\/span><\/h3>\n","protected":false},"excerpt":{"rendered":"<p>Am vergangenen Freitag empfingen wir unsere Ruiter Boulefreunde \u00a0in Grafenberg. \u00a0Es war eine sehr spannende Begegnung und wir mussten uns m\u00e4chtig anstrengen. Nach den knapp verlorenen Triplettes lagen wir bereits [&hellip;]<\/p>\n","protected":false},"author":1,"featured_media":0,"parent":365,"menu_order":3,"comment_status":"open","ping_status":"open","template":"","meta":{"footnotes":""},"_links":{"self":[{"href":"https:\/\/www.kdrei-2009.de\/WPKdrei\/wp-json\/wp\/v2\/pages\/760"}],"collection":[{"href":"https:\/\/www.kdrei-2009.de\/WPKdrei\/wp-json\/wp\/v2\/pages"}],"about":[{"href":"https:\/\/www.kdrei-2009.de\/WPKdrei\/wp-json\/wp\/v2\/types\/page"}],"author":[{"embeddable":true,"href":"https:\/\/www.kdrei-2009.de\/WPKdrei\/wp-json\/wp\/v2\/users\/1"}],"replies":[{"embeddable":true,"href":"https:\/\/www.kdrei-2009.de\/WPKdrei\/wp-json\/wp\/v2\/comments?post=760"}],"version-history":[{"count":10,"href":"https:\/\/www.kdrei-2009.de\/WPKdrei\/wp-json\/wp\/v2\/pages\/760\/revisions"}],"predecessor-version":[{"id":896,"href":"https:\/\/www.kdrei-2009.de\/WPKdrei\/wp-json\/wp\/v2\/pages\/760\/revisions\/896"}],"up":[{"embeddable":true,"href":"https:\/\/www.kdrei-2009.de\/WPKdrei\/wp-json\/wp\/v2\/pages\/365"}],"wp:attachment":[{"href":"https:\/\/www.kdrei-2009.de\/WPKdrei\/wp-json\/wp\/v2\/media?parent=760"}],"curies":[{"name":"wp","href":"https:\/\/api.w.org\/{rel}","templated":true}]}}