{"id":7618,"date":"2019-03-26T17:26:27","date_gmt":"2019-03-26T16:26:27","guid":{"rendered":"https:\/\/www.kdrei-2009.de\/WPKdrei\/?page_id=7618"},"modified":"2019-03-26T17:26:27","modified_gmt":"2019-03-26T16:26:27","slug":"lm-frauen-2019","status":"publish","type":"page","link":"https:\/\/www.kdrei-2009.de\/WPKdrei\/kugelsport-2\/koch-gala-2018\/turniere-2018-2\/lm-frauen-2019\/","title":{"rendered":"LM Frauen 2019"},"content":{"rendered":"\n<p style=\"color:#636464\" class=\"has-text-color has-medium-font-size\">Am 23.03. fand die erste Frauen LM in Feudenheim statt. F\u00fcr Kdrei startete Renate Bury und Steffie Stork mit 53 anderen Teams. Sie kamen mit einem 3. Platz im B-Turnier wieder zur\u00fcck. Herzlichen Gl\u00fcckwunsch zu diesem guten Ergebnis und nat\u00fcrlich auch an die neuen Landesmeisterinnen.<\/p>\n\n\n\n<figure class=\"wp-block-image\"><img loading=\"lazy\" decoding=\"async\" width=\"680\" height=\"424\" src=\"https:\/\/www.kdrei-2009.de\/WPKdrei\/wp-content\/uploads\/2019\/03\/K3-LMFrauen2019web.jpg\" alt=\"\" class=\"wp-image-7616\" srcset=\"https:\/\/www.kdrei-2009.de\/WPKdrei\/wp-content\/uploads\/2019\/03\/K3-LMFrauen2019web.jpg 680w, https:\/\/www.kdrei-2009.de\/WPKdrei\/wp-content\/uploads\/2019\/03\/K3-LMFrauen2019web-300x187.jpg 300w\" sizes=\"(max-width: 680px) 100vw, 680px\" \/><\/figure>\n\n\n\n<p>Das Bild habe ich von der BBPV-Seite kopiert. Herzlichen Dank an den Fotografen. <\/p>\n","protected":false},"excerpt":{"rendered":"<p>Am 23.03. fand die erste Frauen LM in Feudenheim statt. F\u00fcr Kdrei startete Renate Bury und Steffie Stork mit 53 anderen Teams. Sie kamen mit einem 3. Platz im B-Turnier [&hellip;]<\/p>\n","protected":false},"author":1,"featured_media":0,"parent":6747,"menu_order":0,"comment_status":"closed","ping_status":"closed","template":"","meta":{"footnotes":""},"_links":{"self":[{"href":"https:\/\/www.kdrei-2009.de\/WPKdrei\/wp-json\/wp\/v2\/pages\/7618"}],"collection":[{"href":"https:\/\/www.kdrei-2009.de\/WPKdrei\/wp-json\/wp\/v2\/pages"}],"about":[{"href":"https:\/\/www.kdrei-2009.de\/WPKdrei\/wp-json\/wp\/v2\/types\/page"}],"author":[{"embeddable":true,"href":"https:\/\/www.kdrei-2009.de\/WPKdrei\/wp-json\/wp\/v2\/users\/1"}],"replies":[{"embeddable":true,"href":"https:\/\/www.kdrei-2009.de\/WPKdrei\/wp-json\/wp\/v2\/comments?post=7618"}],"version-history":[{"count":1,"href":"https:\/\/www.kdrei-2009.de\/WPKdrei\/wp-json\/wp\/v2\/pages\/7618\/revisions"}],"predecessor-version":[{"id":7619,"href":"https:\/\/www.kdrei-2009.de\/WPKdrei\/wp-json\/wp\/v2\/pages\/7618\/revisions\/7619"}],"up":[{"embeddable":true,"href":"https:\/\/www.kdrei-2009.de\/WPKdrei\/wp-json\/wp\/v2\/pages\/6747"}],"wp:attachment":[{"href":"https:\/\/www.kdrei-2009.de\/WPKdrei\/wp-json\/wp\/v2\/media?parent=7618"}],"curies":[{"name":"wp","href":"https:\/\/api.w.org\/{rel}","templated":true}]}}