{"id":7634,"date":"2019-05-31T10:59:45","date_gmt":"2019-05-31T09:59:45","guid":{"rendered":"https:\/\/www.kdrei-2009.de\/WPKdrei\/?page_id=7634"},"modified":"2019-05-31T11:10:27","modified_gmt":"2019-05-31T10:10:27","slug":"liga-2019-0-1-bis-0-3","status":"publish","type":"page","link":"https:\/\/www.kdrei-2009.de\/WPKdrei\/kugelsport-2\/koch-gala-2018\/turniere-2018\/liga-2019-0-1-bis-0-3\/","title":{"rendered":"Liga 2019 0.1 bis 0.3"},"content":{"rendered":"\n<p style=\"color:#676a6c\" class=\"has-text-color has-medium-font-size\">Ja so schnell geht das in der Liga. Wir sind schon beim 3. Spieltag und noch keine Ergebnisse von Kdrei hier im Netz. Das wird jetzt besser. Hier alle aktuellen Ergebnisse und Tabellenst\u00e4nde. Unsere 2. Mannschaft konnte bisher lediglich gegen Plochingen 2 einen Sieg einfahren und muss am letzten Spieltag in Ruit gegen Horb 3, Denkendorf 3 und Hardt 1 nochmal alles geben um eventuell den vorletzten Tabellenplatz in Richtung Mittelfeld zu verlassen. F\u00fcr Kdrei 1 begann die Saison in Horb mit 2 Niederlagen. Auch in Reutlingen konnte die Mannschaft lediglich gegen Esslingen 1 einen 4:1 Sieg verbuchen und belegte dann Platz 10 in der Tabelle. Durch 2 Siege gegen Reutlingen 1 und Ruit 1 in Steinenbronn, konnten sich das Team um einen Tabellenplatz verbessern. Zum Ligaabschluss in Ruit m\u00fcssen wir aber nochmals kr\u00e4ftig nachlegen, um von einem Abstiegsplatz wegzukommen. Das verspricht wieder spannende Partien gegen T\u00fcbingen 3, Plochingen 1 und Denkendorf  2. Wir freuen uns auf Ruit im Juli.<\/p>\n\n\n\n<p>F\u00fcr Kdrei 2 spielen: Gundi, Renate, Heike, Uli, Chris, Bernd und Andre.<\/p>\n\n\n\n<p>F\u00fcr Kdrei 1 spielen: Hanne, Steffie, Renate, Max, Tony, Andi, Aniello und Walter.<\/p>\n\n\n\n<figure class=\"wp-block-image\"><img loading=\"lazy\" decoding=\"async\" width=\"677\" height=\"1024\" src=\"https:\/\/www.kdrei-2009.de\/WPKdrei\/wp-content\/uploads\/2019\/05\/Liga2019-LL-Ergebnisse-677x1024.jpg\" alt=\"\" class=\"wp-image-7624\" srcset=\"https:\/\/www.kdrei-2009.de\/WPKdrei\/wp-content\/uploads\/2019\/05\/Liga2019-LL-Ergebnisse-677x1024.jpg 677w, https:\/\/www.kdrei-2009.de\/WPKdrei\/wp-content\/uploads\/2019\/05\/Liga2019-LL-Ergebnisse-198x300.jpg 198w, https:\/\/www.kdrei-2009.de\/WPKdrei\/wp-content\/uploads\/2019\/05\/Liga2019-LL-Ergebnisse.jpg 680w\" sizes=\"(max-width: 677px) 100vw, 677px\" \/><\/figure>\n\n\n\n<figure class=\"wp-block-image\"><img loading=\"lazy\" decoding=\"async\" width=\"677\" height=\"1024\" src=\"https:\/\/www.kdrei-2009.de\/WPKdrei\/wp-content\/uploads\/2019\/05\/Liga2019-OL-Ergebnisse-web-1-677x1024.jpg\" alt=\"\" class=\"wp-image-7635\" srcset=\"https:\/\/www.kdrei-2009.de\/WPKdrei\/wp-content\/uploads\/2019\/05\/Liga2019-OL-Ergebnisse-web-1-677x1024.jpg 677w, https:\/\/www.kdrei-2009.de\/WPKdrei\/wp-content\/uploads\/2019\/05\/Liga2019-OL-Ergebnisse-web-1-198x300.jpg 198w, https:\/\/www.kdrei-2009.de\/WPKdrei\/wp-content\/uploads\/2019\/05\/Liga2019-OL-Ergebnisse-web-1.jpg 680w\" sizes=\"(max-width: 677px) 100vw, 677px\" \/><\/figure>\n","protected":false},"excerpt":{"rendered":"<p>Ja so schnell geht das in der Liga. Wir sind schon beim 3. Spieltag und noch keine Ergebnisse von Kdrei hier im Netz. Das wird jetzt besser. Hier alle aktuellen [&hellip;]<\/p>\n","protected":false},"author":1,"featured_media":0,"parent":6744,"menu_order":0,"comment_status":"closed","ping_status":"closed","template":"","meta":{"footnotes":""},"_links":{"self":[{"href":"https:\/\/www.kdrei-2009.de\/WPKdrei\/wp-json\/wp\/v2\/pages\/7634"}],"collection":[{"href":"https:\/\/www.kdrei-2009.de\/WPKdrei\/wp-json\/wp\/v2\/pages"}],"about":[{"href":"https:\/\/www.kdrei-2009.de\/WPKdrei\/wp-json\/wp\/v2\/types\/page"}],"author":[{"embeddable":true,"href":"https:\/\/www.kdrei-2009.de\/WPKdrei\/wp-json\/wp\/v2\/users\/1"}],"replies":[{"embeddable":true,"href":"https:\/\/www.kdrei-2009.de\/WPKdrei\/wp-json\/wp\/v2\/comments?post=7634"}],"version-history":[{"count":2,"href":"https:\/\/www.kdrei-2009.de\/WPKdrei\/wp-json\/wp\/v2\/pages\/7634\/revisions"}],"predecessor-version":[{"id":7643,"href":"https:\/\/www.kdrei-2009.de\/WPKdrei\/wp-json\/wp\/v2\/pages\/7634\/revisions\/7643"}],"up":[{"embeddable":true,"href":"https:\/\/www.kdrei-2009.de\/WPKdrei\/wp-json\/wp\/v2\/pages\/6744"}],"wp:attachment":[{"href":"https:\/\/www.kdrei-2009.de\/WPKdrei\/wp-json\/wp\/v2\/media?parent=7634"}],"curies":[{"name":"wp","href":"https:\/\/api.w.org\/{rel}","templated":true}]}}