{"id":7651,"date":"2019-06-04T07:21:31","date_gmt":"2019-06-04T06:21:31","guid":{"rendered":"https:\/\/www.kdrei-2009.de\/WPKdrei\/?page_id=7651"},"modified":"2019-08-19T16:18:43","modified_gmt":"2019-08-19T15:18:43","slug":"9-kochkurs-und-galamenue","status":"publish","type":"page","link":"https:\/\/www.kdrei-2009.de\/WPKdrei\/kdrei-events\/kochkurs-galamenue-2017-erste-infos\/9-kochkurs-und-galamenue\/","title":{"rendered":"9. Kochkurs und Galamen\u00fc"},"content":{"rendered":"\n<p class=\"has-text-color has-vivid-red-color\">Momentan ausgebucht. Sie k\u00f6nnen sich gerne auf unsere Warteliste setzen lassen. Wir werden sie benachrichtigen.<\/p>\n\n\n\n<p style=\"color:#5d6165\" class=\"has-text-color has-medium-font-size\">Es ist wieder soweit. Hier alle Infos zum diesj\u00e4hrigen Event am 2. November 2019 in der Festhalle Frickenhausen. Es wird wieder ein spannender, lehrreicher aber auch lustiger Tag mit Adrien Hurnungee und Andi Alt in der K\u00fcche werden. Wir verarbeiten \u00fcber Gefl\u00fcgel, Pilze, Fische, Meeresfr\u00fcchte und Fleisch nahezu alle interessanten und leckeren Zutaten der K\u00fcche. Da gibt es wieder einiges zu lernen, sehen und erfahren bei unserem Kochkurs . Abends beim Galamen\u00fc einiges zu essen, geniesen und verkosten.  Unsere Weine kommen dieses Jahr aus der Schweiz und werden vom Winzerehepaar Teutsch pr\u00e4sentiert. Ihr Weingut Festiguet liegt malerisch in Ligerz am Bielersee.                                     <\/p>\n\n\n\n<p style=\"color:#626668\" class=\"has-text-color has-medium-font-size\">Im Anschluss alle Infos. Bitte Anmeldung per Email. Wir best\u00e4tigen alle Mails und schicken euch dann die Bankverbindung zur Vorab\u00fcberweisung. Mit der Bezahlung seid ihr angemeldet. Wie immer sind die Teilnehmerzahlen begrenzt.  Wir haben 15 Kochkurspl\u00e4tze und 60 Galamen\u00fcpl\u00e4tze. Wer zuerst kommt, kocht und isst zuerst. Wir freuen uns auf euch und w\u00fcnschen bis dahin sch\u00f6ne Tage und einen erholsamen Urlaub.<\/p>\n\n\n\n<p class=\"has-medium-font-size\"><br \/><\/p>\n\n\n\n<figure class=\"wp-block-image\"><img loading=\"lazy\" decoding=\"async\" width=\"486\" height=\"821\" src=\"https:\/\/www.kdrei-2009.de\/WPKdrei\/wp-content\/uploads\/2019\/06\/K-3-Menue-2019-01web.jpg\" alt=\"\" class=\"wp-image-7648\" srcset=\"https:\/\/www.kdrei-2009.de\/WPKdrei\/wp-content\/uploads\/2019\/06\/K-3-Menue-2019-01web.jpg 486w, https:\/\/www.kdrei-2009.de\/WPKdrei\/wp-content\/uploads\/2019\/06\/K-3-Menue-2019-01web-178x300.jpg 178w\" sizes=\"(max-width: 486px) 100vw, 486px\" \/><\/figure>\n\n\n\n<figure class=\"wp-block-image\"><img loading=\"lazy\" decoding=\"async\" width=\"724\" height=\"1024\" src=\"https:\/\/www.kdrei-2009.de\/WPKdrei\/wp-content\/uploads\/2019\/06\/K-3-Menue-2019-02web-1-724x1024.jpg\" alt=\"\" class=\"wp-image-7652\" srcset=\"https:\/\/www.kdrei-2009.de\/WPKdrei\/wp-content\/uploads\/2019\/06\/K-3-Menue-2019-02web-1-724x1024.jpg 724w, https:\/\/www.kdrei-2009.de\/WPKdrei\/wp-content\/uploads\/2019\/06\/K-3-Menue-2019-02web-1-212x300.jpg 212w, https:\/\/www.kdrei-2009.de\/WPKdrei\/wp-content\/uploads\/2019\/06\/K-3-Menue-2019-02web-1-768x1087.jpg 768w, https:\/\/www.kdrei-2009.de\/WPKdrei\/wp-content\/uploads\/2019\/06\/K-3-Menue-2019-02web-1.jpg 800w\" sizes=\"(max-width: 724px) 100vw, 724px\" \/><\/figure>\n\n\n\n<figure class=\"wp-block-image\"><img loading=\"lazy\" decoding=\"async\" width=\"724\" height=\"1024\" src=\"https:\/\/www.kdrei-2009.de\/WPKdrei\/wp-content\/uploads\/2019\/06\/K-3-Menue-2019-03web-724x1024.jpg\" alt=\"\" class=\"wp-image-7650\" srcset=\"https:\/\/www.kdrei-2009.de\/WPKdrei\/wp-content\/uploads\/2019\/06\/K-3-Menue-2019-03web-724x1024.jpg 724w, https:\/\/www.kdrei-2009.de\/WPKdrei\/wp-content\/uploads\/2019\/06\/K-3-Menue-2019-03web-212x300.jpg 212w, https:\/\/www.kdrei-2009.de\/WPKdrei\/wp-content\/uploads\/2019\/06\/K-3-Menue-2019-03web-768x1087.jpg 768w, https:\/\/www.kdrei-2009.de\/WPKdrei\/wp-content\/uploads\/2019\/06\/K-3-Menue-2019-03web.jpg 800w\" sizes=\"(max-width: 724px) 100vw, 724px\" \/><\/figure>\n","protected":false},"excerpt":{"rendered":"<p>Momentan ausgebucht. Sie k\u00f6nnen sich gerne auf unsere Warteliste setzen lassen. Wir werden sie benachrichtigen. Es ist wieder soweit. Hier alle Infos zum diesj\u00e4hrigen Event am 2. November 2019 in [&hellip;]<\/p>\n","protected":false},"author":1,"featured_media":0,"parent":6257,"menu_order":0,"comment_status":"closed","ping_status":"closed","template":"","meta":{"footnotes":""},"_links":{"self":[{"href":"https:\/\/www.kdrei-2009.de\/WPKdrei\/wp-json\/wp\/v2\/pages\/7651"}],"collection":[{"href":"https:\/\/www.kdrei-2009.de\/WPKdrei\/wp-json\/wp\/v2\/pages"}],"about":[{"href":"https:\/\/www.kdrei-2009.de\/WPKdrei\/wp-json\/wp\/v2\/types\/page"}],"author":[{"embeddable":true,"href":"https:\/\/www.kdrei-2009.de\/WPKdrei\/wp-json\/wp\/v2\/users\/1"}],"replies":[{"embeddable":true,"href":"https:\/\/www.kdrei-2009.de\/WPKdrei\/wp-json\/wp\/v2\/comments?post=7651"}],"version-history":[{"count":4,"href":"https:\/\/www.kdrei-2009.de\/WPKdrei\/wp-json\/wp\/v2\/pages\/7651\/revisions"}],"predecessor-version":[{"id":7745,"href":"https:\/\/www.kdrei-2009.de\/WPKdrei\/wp-json\/wp\/v2\/pages\/7651\/revisions\/7745"}],"up":[{"embeddable":true,"href":"https:\/\/www.kdrei-2009.de\/WPKdrei\/wp-json\/wp\/v2\/pages\/6257"}],"wp:attachment":[{"href":"https:\/\/www.kdrei-2009.de\/WPKdrei\/wp-json\/wp\/v2\/media?parent=7651"}],"curies":[{"name":"wp","href":"https:\/\/api.w.org\/{rel}","templated":true}]}}