{"id":7676,"date":"2019-08-20T09:35:56","date_gmt":"2019-08-20T08:35:56","guid":{"rendered":"https:\/\/www.kdrei-2009.de\/WPKdrei\/?page_id=7676"},"modified":"2019-08-20T09:42:17","modified_gmt":"2019-08-20T08:42:17","slug":"2019-lm-und-quali-dm-55-in-singen","status":"publish","type":"page","link":"https:\/\/www.kdrei-2009.de\/WPKdrei\/kugelsport-2\/koch-gala-2018\/turniere-2018-2\/2019-lm-und-quali-dm-55-in-singen\/","title":{"rendered":"2019-LM und Quali DM 55+ in Singen"},"content":{"rendered":"\n<p style=\"color:#616263;font-size:14px\" class=\"has-text-color\"><strong>Ganz wenig Text f\u00fcr 3 sch\u00f6ne Tage in Singen. Waren lecker Essen auf der H\u00f6ri im Hirsch in Gaienhofen und im Gasthaus Krone in Rielasingen. Bei der LM und Quali waren wir leider nicht erfolgreich. Gespielt haben Renate, Tony und Walter. Gl\u00fcckwunsch an die neuen Landesmeister und alle die sich f\u00fcr die DM qualifiziert haben. <\/strong><\/p>\n\n\n\n<figure class=\"wp-block-image\"><img loading=\"lazy\" decoding=\"async\" width=\"680\" height=\"341\" src=\"https:\/\/www.kdrei-2009.de\/WPKdrei\/wp-content\/uploads\/2019\/08\/K3-Singen55-2019_08a-1.jpg\" alt=\"\" class=\"wp-image-7677\" srcset=\"https:\/\/www.kdrei-2009.de\/WPKdrei\/wp-content\/uploads\/2019\/08\/K3-Singen55-2019_08a-1.jpg 680w, https:\/\/www.kdrei-2009.de\/WPKdrei\/wp-content\/uploads\/2019\/08\/K3-Singen55-2019_08a-1-300x150.jpg 300w\" sizes=\"(max-width: 680px) 100vw, 680px\" \/><figcaption>Schwierige, unterschiedliche Terrains.<\/figcaption><\/figure>\n\n\n\n<figure class=\"wp-block-image\"><img loading=\"lazy\" decoding=\"async\" width=\"680\" height=\"402\" src=\"https:\/\/www.kdrei-2009.de\/WPKdrei\/wp-content\/uploads\/2019\/08\/K3-Singen55-2019_10a.jpg\" alt=\"\" class=\"wp-image-7674\" srcset=\"https:\/\/www.kdrei-2009.de\/WPKdrei\/wp-content\/uploads\/2019\/08\/K3-Singen55-2019_10a.jpg 680w, https:\/\/www.kdrei-2009.de\/WPKdrei\/wp-content\/uploads\/2019\/08\/K3-Singen55-2019_10a-300x177.jpg 300w\" sizes=\"(max-width: 680px) 100vw, 680px\" \/><figcaption>Im Hintergrund der Hohentwiel.<\/figcaption><\/figure>\n\n\n\n<figure class=\"wp-block-image\"><img loading=\"lazy\" decoding=\"async\" width=\"680\" height=\"395\" src=\"https:\/\/www.kdrei-2009.de\/WPKdrei\/wp-content\/uploads\/2019\/08\/K3-Singen55-2019_09a.jpg\" alt=\"\" class=\"wp-image-7673\" srcset=\"https:\/\/www.kdrei-2009.de\/WPKdrei\/wp-content\/uploads\/2019\/08\/K3-Singen55-2019_09a.jpg 680w, https:\/\/www.kdrei-2009.de\/WPKdrei\/wp-content\/uploads\/2019\/08\/K3-Singen55-2019_09a-300x174.jpg 300w\" sizes=\"(max-width: 680px) 100vw, 680px\" \/><figcaption>M\u00fccken und Fliegen gab es immer und \u00fcberall aber auf diesen Pl\u00e4tzen besonders viele &#8230;<\/figcaption><\/figure>\n","protected":false},"excerpt":{"rendered":"<p>Ganz wenig Text f\u00fcr 3 sch\u00f6ne Tage in Singen. Waren lecker Essen auf der H\u00f6ri im Hirsch in Gaienhofen und im Gasthaus Krone in Rielasingen. Bei der LM und Quali [&hellip;]<\/p>\n","protected":false},"author":1,"featured_media":0,"parent":6747,"menu_order":0,"comment_status":"closed","ping_status":"closed","template":"","meta":{"footnotes":""},"_links":{"self":[{"href":"https:\/\/www.kdrei-2009.de\/WPKdrei\/wp-json\/wp\/v2\/pages\/7676"}],"collection":[{"href":"https:\/\/www.kdrei-2009.de\/WPKdrei\/wp-json\/wp\/v2\/pages"}],"about":[{"href":"https:\/\/www.kdrei-2009.de\/WPKdrei\/wp-json\/wp\/v2\/types\/page"}],"author":[{"embeddable":true,"href":"https:\/\/www.kdrei-2009.de\/WPKdrei\/wp-json\/wp\/v2\/users\/1"}],"replies":[{"embeddable":true,"href":"https:\/\/www.kdrei-2009.de\/WPKdrei\/wp-json\/wp\/v2\/comments?post=7676"}],"version-history":[{"count":2,"href":"https:\/\/www.kdrei-2009.de\/WPKdrei\/wp-json\/wp\/v2\/pages\/7676\/revisions"}],"predecessor-version":[{"id":7681,"href":"https:\/\/www.kdrei-2009.de\/WPKdrei\/wp-json\/wp\/v2\/pages\/7676\/revisions\/7681"}],"up":[{"embeddable":true,"href":"https:\/\/www.kdrei-2009.de\/WPKdrei\/wp-json\/wp\/v2\/pages\/6747"}],"wp:attachment":[{"href":"https:\/\/www.kdrei-2009.de\/WPKdrei\/wp-json\/wp\/v2\/media?parent=7676"}],"curies":[{"name":"wp","href":"https:\/\/api.w.org\/{rel}","templated":true}]}}