{"id":7697,"date":"2019-09-23T18:21:07","date_gmt":"2019-09-23T17:21:07","guid":{"rendered":"https:\/\/www.kdrei-2009.de\/WPKdrei\/?page_id=7697"},"modified":"2019-09-23T18:25:05","modified_gmt":"2019-09-23T17:25:05","slug":"grill-2019","status":"publish","type":"page","link":"https:\/\/www.kdrei-2009.de\/WPKdrei\/kultur\/kultur-2018\/grill-2019\/","title":{"rendered":"Grill 2019"},"content":{"rendered":"\n<p style=\"color:#767879\" class=\"has-text-color has-medium-font-size\">Das wollten wir schon lange machen, aber immer war was anderes. Kleine Grillparty am Sonntagnachmittag f\u00fcr alle, die da waren&#8230;.leckere Kuchen, Salate, Grillgut und Getr\u00e4nke, dazu sch\u00f6nes Wetter, nette Leute.<\/p>\n\n\n\n<figure class=\"wp-block-image\"><img loading=\"lazy\" decoding=\"async\" width=\"680\" height=\"510\" src=\"https:\/\/www.kdrei-2009.de\/WPKdrei\/wp-content\/uploads\/2019\/09\/K3-Grill2019_13web.jpg\" alt=\"\" class=\"wp-image-7696\" srcset=\"https:\/\/www.kdrei-2009.de\/WPKdrei\/wp-content\/uploads\/2019\/09\/K3-Grill2019_13web.jpg 680w, https:\/\/www.kdrei-2009.de\/WPKdrei\/wp-content\/uploads\/2019\/09\/K3-Grill2019_13web-300x225.jpg 300w\" sizes=\"(max-width: 680px) 100vw, 680px\" \/><figcaption>Reste des Tages.<\/figcaption><\/figure>\n\n\n\n<figure class=\"wp-block-image\"><img loading=\"lazy\" decoding=\"async\" width=\"680\" height=\"435\" src=\"https:\/\/www.kdrei-2009.de\/WPKdrei\/wp-content\/uploads\/2019\/09\/K3-Grill2019_12web.jpg\" alt=\"\" class=\"wp-image-7695\" srcset=\"https:\/\/www.kdrei-2009.de\/WPKdrei\/wp-content\/uploads\/2019\/09\/K3-Grill2019_12web.jpg 680w, https:\/\/www.kdrei-2009.de\/WPKdrei\/wp-content\/uploads\/2019\/09\/K3-Grill2019_12web-300x192.jpg 300w\" sizes=\"(max-width: 680px) 100vw, 680px\" \/><figcaption>Manche boulen, manche relaxen&#8230;<\/figcaption><\/figure>\n","protected":false},"excerpt":{"rendered":"<p>Das wollten wir schon lange machen, aber immer war was anderes. Kleine Grillparty am Sonntagnachmittag f\u00fcr alle, die da waren&#8230;.leckere Kuchen, Salate, Grillgut und Getr\u00e4nke, dazu sch\u00f6nes Wetter, nette Leute.<\/p>\n","protected":false},"author":1,"featured_media":0,"parent":6801,"menu_order":0,"comment_status":"closed","ping_status":"closed","template":"","meta":{"footnotes":""},"_links":{"self":[{"href":"https:\/\/www.kdrei-2009.de\/WPKdrei\/wp-json\/wp\/v2\/pages\/7697"}],"collection":[{"href":"https:\/\/www.kdrei-2009.de\/WPKdrei\/wp-json\/wp\/v2\/pages"}],"about":[{"href":"https:\/\/www.kdrei-2009.de\/WPKdrei\/wp-json\/wp\/v2\/types\/page"}],"author":[{"embeddable":true,"href":"https:\/\/www.kdrei-2009.de\/WPKdrei\/wp-json\/wp\/v2\/users\/1"}],"replies":[{"embeddable":true,"href":"https:\/\/www.kdrei-2009.de\/WPKdrei\/wp-json\/wp\/v2\/comments?post=7697"}],"version-history":[{"count":2,"href":"https:\/\/www.kdrei-2009.de\/WPKdrei\/wp-json\/wp\/v2\/pages\/7697\/revisions"}],"predecessor-version":[{"id":7701,"href":"https:\/\/www.kdrei-2009.de\/WPKdrei\/wp-json\/wp\/v2\/pages\/7697\/revisions\/7701"}],"up":[{"embeddable":true,"href":"https:\/\/www.kdrei-2009.de\/WPKdrei\/wp-json\/wp\/v2\/pages\/6801"}],"wp:attachment":[{"href":"https:\/\/www.kdrei-2009.de\/WPKdrei\/wp-json\/wp\/v2\/media?parent=7697"}],"curies":[{"name":"wp","href":"https:\/\/api.w.org\/{rel}","templated":true}]}}