{"id":774,"date":"2010-05-10T13:03:57","date_gmt":"2010-05-10T13:03:57","guid":{"rendered":"https:\/\/www.kdrei-2009.de\/WPKdrei\/?page_id=774"},"modified":"2016-03-15T10:59:38","modified_gmt":"2016-03-15T10:59:38","slug":"neulich-in-leonberg","status":"publish","type":"page","link":"https:\/\/www.kdrei-2009.de\/WPKdrei\/kultur\/kultur-2010-2\/neulich-in-leonberg\/","title":{"rendered":"Neulich in Leonberg&#8230;"},"content":{"rendered":"<h3><span style=\"color: #808080;\">&#8230;eine  kleine Abordnung von Kdrei war dort, um die 4. Lange Kunstnacht zu  besuchen. Begr\u00fcsst wurden wir von Andreas Herrmann und Tobias Siewert in  der Galerie am K\u00fcnstlerhaus. Nach Ausstellungser\u00f6ffnung und Modenschau  ging es weiter in die Leonberger Altstadt. Dort stellten wir allerdings  schnell fest, da\u00df wir nicht die einzigen Kunstnachtbesucher waren.  Aufgrund der \u00dcberf\u00fcllung in den einzelnen Galerien, trat \u00a0Kdrei verfr\u00fcht  den R\u00fcckzug an, um im heimischen Dorf noch einzukehren. Hier noch  einige Impressionen des Abends.<\/span><\/h3>\n<p><span style=\"color: #808080; font-weight: normal; font-size: 12px;\"> <\/span><\/p>\n<div id=\"attachment_789\" style=\"width: 310px\" class=\"wp-caption alignleft\"><a href=\"https:\/\/www.kdrei-2009.de\/WPKdrei\/wp-content\/uploads\/2010\/05\/K3_Leo_100508_10web.jpg\" rel=\"lightbox[774]\"><img loading=\"lazy\" decoding=\"async\" aria-describedby=\"caption-attachment-789\" class=\"size-medium wp-image-789\" title=\"K3_Leo_100508_10web\" src=\"https:\/\/www.kdrei-2009.de\/WPKdrei\/wp-content\/uploads\/2010\/05\/K3_Leo_100508_10web-300x200.jpg\" alt=\"\" width=\"300\" height=\"200\" srcset=\"https:\/\/www.kdrei-2009.de\/WPKdrei\/wp-content\/uploads\/2010\/05\/K3_Leo_100508_10web-300x200.jpg 300w, https:\/\/www.kdrei-2009.de\/WPKdrei\/wp-content\/uploads\/2010\/05\/K3_Leo_100508_10web.jpg 510w\" sizes=\"(max-width: 300px) 100vw, 300px\" \/><\/a><p id=\"caption-attachment-789\" class=\"wp-caption-text\">So wird die Kulturnacht er\u00f6ffnet.<\/p><\/div>\n<div id=\"attachment_781\" style=\"width: 310px\" class=\"wp-caption alignright\"><a href=\"https:\/\/www.kdrei-2009.de\/WPKdrei\/wp-content\/uploads\/2010\/05\/K3_Leo_100508_20WEB.jpg\" rel=\"lightbox[774]\"><img loading=\"lazy\" decoding=\"async\" aria-describedby=\"caption-attachment-781\" class=\"size-medium wp-image-781\" title=\"K3_Leo_100508_20WEB\" src=\"https:\/\/www.kdrei-2009.de\/WPKdrei\/wp-content\/uploads\/2010\/05\/K3_Leo_100508_20WEB-300x200.jpg\" alt=\"\" width=\"300\" height=\"200\" srcset=\"https:\/\/www.kdrei-2009.de\/WPKdrei\/wp-content\/uploads\/2010\/05\/K3_Leo_100508_20WEB-300x200.jpg 300w, https:\/\/www.kdrei-2009.de\/WPKdrei\/wp-content\/uploads\/2010\/05\/K3_Leo_100508_20WEB.jpg 510w\" sizes=\"(max-width: 300px) 100vw, 300px\" \/><\/a><p id=\"caption-attachment-781\" class=\"wp-caption-text\">Sch\u00f6ne Muster.<\/p><\/div>\n<p><span style=\"color: #808080; font-weight: normal; font-size: 12px;\"> <\/span><\/p>\n<div id=\"attachment_791\" style=\"width: 310px\" class=\"wp-caption alignleft\"><a href=\"https:\/\/www.kdrei-2009.de\/WPKdrei\/wp-content\/uploads\/2010\/05\/K3_Leo_100508_14web.jpg\" rel=\"lightbox[774]\"><img loading=\"lazy\" decoding=\"async\" aria-describedby=\"caption-attachment-791\" class=\"size-medium wp-image-791\" title=\"K3_Leo_100508_14web\" src=\"https:\/\/www.kdrei-2009.de\/WPKdrei\/wp-content\/uploads\/2010\/05\/K3_Leo_100508_14web-300x200.jpg\" alt=\"\" width=\"300\" height=\"200\" srcset=\"https:\/\/www.kdrei-2009.de\/WPKdrei\/wp-content\/uploads\/2010\/05\/K3_Leo_100508_14web-300x200.jpg 300w, https:\/\/www.kdrei-2009.de\/WPKdrei\/wp-content\/uploads\/2010\/05\/K3_Leo_100508_14web.jpg 510w\" sizes=\"(max-width: 300px) 100vw, 300px\" \/><\/a><p id=\"caption-attachment-791\" class=\"wp-caption-text\">Gewagte Creationen.<\/p><\/div>\n<div id=\"attachment_783\" style=\"width: 310px\" class=\"wp-caption alignright\"><a href=\"https:\/\/www.kdrei-2009.de\/WPKdrei\/wp-content\/uploads\/2010\/05\/K3_Leo_100508_23WEB.jpg\" rel=\"lightbox[774]\"><img loading=\"lazy\" decoding=\"async\" aria-describedby=\"caption-attachment-783\" class=\"size-medium wp-image-783\" title=\"K3_Leo_100508_23WEB\" src=\"https:\/\/www.kdrei-2009.de\/WPKdrei\/wp-content\/uploads\/2010\/05\/K3_Leo_100508_23WEB-300x200.jpg\" alt=\"\" width=\"300\" height=\"200\" srcset=\"https:\/\/www.kdrei-2009.de\/WPKdrei\/wp-content\/uploads\/2010\/05\/K3_Leo_100508_23WEB-300x200.jpg 300w, https:\/\/www.kdrei-2009.de\/WPKdrei\/wp-content\/uploads\/2010\/05\/K3_Leo_100508_23WEB.jpg 510w\" sizes=\"(max-width: 300px) 100vw, 300px\" \/><\/a><p id=\"caption-attachment-783\" class=\"wp-caption-text\">Frische Farben.<\/p><\/div>\n<p><span style=\"color: #808080; font-weight: normal; font-size: 12px;\"> <\/span><\/p>\n<div id=\"attachment_787\" style=\"width: 310px\" class=\"wp-caption alignleft\"><a href=\"https:\/\/www.kdrei-2009.de\/WPKdrei\/wp-content\/uploads\/2010\/05\/K3_Leo_100508_17web.jpg\" rel=\"lightbox[774]\"><img loading=\"lazy\" decoding=\"async\" aria-describedby=\"caption-attachment-787\" class=\"size-medium wp-image-787\" title=\"K3_Leo_100508_17web\" src=\"https:\/\/www.kdrei-2009.de\/WPKdrei\/wp-content\/uploads\/2010\/05\/K3_Leo_100508_17web-300x200.jpg\" alt=\"\" width=\"300\" height=\"200\" srcset=\"https:\/\/www.kdrei-2009.de\/WPKdrei\/wp-content\/uploads\/2010\/05\/K3_Leo_100508_17web-300x200.jpg 300w, https:\/\/www.kdrei-2009.de\/WPKdrei\/wp-content\/uploads\/2010\/05\/K3_Leo_100508_17web.jpg 510w\" sizes=\"(max-width: 300px) 100vw, 300px\" \/><\/a><p id=\"caption-attachment-787\" class=\"wp-caption-text\">Tolle Umsetzungen.<\/p><\/div>\n<div id=\"attachment_792\" style=\"width: 310px\" class=\"wp-caption alignright\"><a href=\"https:\/\/www.kdrei-2009.de\/WPKdrei\/wp-content\/uploads\/2010\/05\/K3_Leo_100508_22web.jpg\" rel=\"lightbox[774]\"><img loading=\"lazy\" decoding=\"async\" aria-describedby=\"caption-attachment-792\" class=\"size-medium wp-image-792\" title=\"K3_Leo_100508_22web\" src=\"https:\/\/www.kdrei-2009.de\/WPKdrei\/wp-content\/uploads\/2010\/05\/K3_Leo_100508_22web-300x200.jpg\" alt=\"\" width=\"300\" height=\"200\" srcset=\"https:\/\/www.kdrei-2009.de\/WPKdrei\/wp-content\/uploads\/2010\/05\/K3_Leo_100508_22web-300x200.jpg 300w, https:\/\/www.kdrei-2009.de\/WPKdrei\/wp-content\/uploads\/2010\/05\/K3_Leo_100508_22web.jpg 510w\" sizes=\"(max-width: 300px) 100vw, 300px\" \/><\/a><p id=\"caption-attachment-792\" class=\"wp-caption-text\">Begeisterte Zuschauer.<\/p><\/div>\n<p><span style=\"color: #808080; font-weight: normal; font-size: 12px;\"> <\/span><\/p>\n<div id=\"attachment_786\" style=\"width: 210px\" class=\"wp-caption alignleft\"><a href=\"https:\/\/www.kdrei-2009.de\/WPKdrei\/wp-content\/uploads\/2010\/05\/K3_Leo_100508_15web.jpg\" rel=\"lightbox[774]\"><img loading=\"lazy\" decoding=\"async\" aria-describedby=\"caption-attachment-786\" class=\"size-medium wp-image-786\" title=\"K3_Leo_100508_15web\" src=\"https:\/\/www.kdrei-2009.de\/WPKdrei\/wp-content\/uploads\/2010\/05\/K3_Leo_100508_15web-200x300.jpg\" alt=\"\" width=\"200\" height=\"300\" srcset=\"https:\/\/www.kdrei-2009.de\/WPKdrei\/wp-content\/uploads\/2010\/05\/K3_Leo_100508_15web-200x300.jpg 200w, https:\/\/www.kdrei-2009.de\/WPKdrei\/wp-content\/uploads\/2010\/05\/K3_Leo_100508_15web.jpg 340w\" sizes=\"(max-width: 200px) 100vw, 200px\" \/><\/a><p id=\"caption-attachment-786\" class=\"wp-caption-text\">Edle Stoffe.<\/p><\/div>\n<div id=\"attachment_780\" style=\"width: 210px\" class=\"wp-caption alignright\"><a href=\"https:\/\/www.kdrei-2009.de\/WPKdrei\/wp-content\/uploads\/2010\/05\/K3_Leo_100508_02web.jpg\" rel=\"lightbox[774]\"><img loading=\"lazy\" decoding=\"async\" aria-describedby=\"caption-attachment-780\" class=\"size-medium wp-image-780\" title=\"K3_Leo_100508_02web\" src=\"https:\/\/www.kdrei-2009.de\/WPKdrei\/wp-content\/uploads\/2010\/05\/K3_Leo_100508_02web-200x300.jpg\" alt=\"\" width=\"200\" height=\"300\" srcset=\"https:\/\/www.kdrei-2009.de\/WPKdrei\/wp-content\/uploads\/2010\/05\/K3_Leo_100508_02web-200x300.jpg 200w, https:\/\/www.kdrei-2009.de\/WPKdrei\/wp-content\/uploads\/2010\/05\/K3_Leo_100508_02web.jpg 340w\" sizes=\"(max-width: 200px) 100vw, 200px\" \/><\/a><p id=\"caption-attachment-780\" class=\"wp-caption-text\">Schrille Tapeten.<\/p><\/div>\n<div id=\"attachment_790\" style=\"width: 210px\" class=\"wp-caption alignleft\"><a href=\"https:\/\/www.kdrei-2009.de\/WPKdrei\/wp-content\/uploads\/2010\/05\/K3_Leo_100508_28web.jpg\" rel=\"lightbox[774]\"><img loading=\"lazy\" decoding=\"async\" aria-describedby=\"caption-attachment-790\" class=\"size-medium wp-image-790\" title=\"K3_Leo_100508_28web\" src=\"https:\/\/www.kdrei-2009.de\/WPKdrei\/wp-content\/uploads\/2010\/05\/K3_Leo_100508_28web-200x300.jpg\" alt=\"\" width=\"200\" height=\"300\" srcset=\"https:\/\/www.kdrei-2009.de\/WPKdrei\/wp-content\/uploads\/2010\/05\/K3_Leo_100508_28web-200x300.jpg 200w, https:\/\/www.kdrei-2009.de\/WPKdrei\/wp-content\/uploads\/2010\/05\/K3_Leo_100508_28web.jpg 340w\" sizes=\"(max-width: 200px) 100vw, 200px\" \/><\/a><p id=\"caption-attachment-790\" class=\"wp-caption-text\">Rezitation zwischen Skulpturen.<\/p><\/div>\n<div id=\"attachment_793\" style=\"width: 310px\" class=\"wp-caption alignright\"><a href=\"https:\/\/www.kdrei-2009.de\/WPKdrei\/wp-content\/uploads\/2010\/05\/K3_Leo_100508_30web.jpg\" rel=\"lightbox[774]\"><img loading=\"lazy\" decoding=\"async\" aria-describedby=\"caption-attachment-793\" class=\"size-medium wp-image-793\" title=\"K3_Leo_100508_30web\" src=\"https:\/\/www.kdrei-2009.de\/WPKdrei\/wp-content\/uploads\/2010\/05\/K3_Leo_100508_30web-300x200.jpg\" alt=\"\" width=\"300\" height=\"200\" srcset=\"https:\/\/www.kdrei-2009.de\/WPKdrei\/wp-content\/uploads\/2010\/05\/K3_Leo_100508_30web-300x200.jpg 300w, https:\/\/www.kdrei-2009.de\/WPKdrei\/wp-content\/uploads\/2010\/05\/K3_Leo_100508_30web.jpg 510w\" sizes=\"(max-width: 300px) 100vw, 300px\" \/><\/a><p id=\"caption-attachment-793\" class=\"wp-caption-text\">Interessierte Besucher.<\/p><\/div>\n<div id=\"attachment_824\" style=\"width: 310px\" class=\"wp-caption alignleft\"><a href=\"https:\/\/www.kdrei-2009.de\/WPKdrei\/wp-content\/uploads\/2010\/05\/K3_Leo_100508_26web1.jpg\" rel=\"lightbox[774]\"><img loading=\"lazy\" decoding=\"async\" aria-describedby=\"caption-attachment-824\" class=\"size-medium wp-image-824\" title=\"K3_Leo_100508_26web\" src=\"https:\/\/www.kdrei-2009.de\/WPKdrei\/wp-content\/uploads\/2010\/05\/K3_Leo_100508_26web1-300x200.jpg\" alt=\"\" width=\"300\" height=\"200\" srcset=\"https:\/\/www.kdrei-2009.de\/WPKdrei\/wp-content\/uploads\/2010\/05\/K3_Leo_100508_26web1-300x200.jpg 300w, https:\/\/www.kdrei-2009.de\/WPKdrei\/wp-content\/uploads\/2010\/05\/K3_Leo_100508_26web1.jpg 510w\" sizes=\"(max-width: 300px) 100vw, 300px\" \/><\/a><p id=\"caption-attachment-824\" class=\"wp-caption-text\">Skulpturen aus Bronze.<\/p><\/div>\n<div id=\"attachment_794\" style=\"width: 310px\" class=\"wp-caption alignright\"><a href=\"https:\/\/www.kdrei-2009.de\/WPKdrei\/wp-content\/uploads\/2010\/05\/K3_Leo_100508_27web.jpg\" rel=\"lightbox[774]\"><img loading=\"lazy\" decoding=\"async\" aria-describedby=\"caption-attachment-794\" class=\"size-medium wp-image-794\" title=\"K3_Leo_100508_27web\" src=\"https:\/\/www.kdrei-2009.de\/WPKdrei\/wp-content\/uploads\/2010\/05\/K3_Leo_100508_27web-300x200.jpg\" alt=\"\" width=\"300\" height=\"200\" srcset=\"https:\/\/www.kdrei-2009.de\/WPKdrei\/wp-content\/uploads\/2010\/05\/K3_Leo_100508_27web-300x200.jpg 300w, https:\/\/www.kdrei-2009.de\/WPKdrei\/wp-content\/uploads\/2010\/05\/K3_Leo_100508_27web.jpg 510w\" sizes=\"(max-width: 300px) 100vw, 300px\" \/><\/a><p id=\"caption-attachment-794\" class=\"wp-caption-text\">Flache Giacomettis.<\/p><\/div>\n<div id=\"attachment_799\" style=\"width: 310px\" class=\"wp-caption aligncenter\"><a href=\"https:\/\/www.kdrei-2009.de\/WPKdrei\/wp-content\/uploads\/2010\/05\/K3_Leo_100508_31web1.jpg\" rel=\"lightbox[774]\"><img loading=\"lazy\" decoding=\"async\" aria-describedby=\"caption-attachment-799\" class=\"size-medium wp-image-799\" title=\"K3_Leo_100508_31web\" src=\"https:\/\/www.kdrei-2009.de\/WPKdrei\/wp-content\/uploads\/2010\/05\/K3_Leo_100508_31web1-300x200.jpg\" alt=\"\" width=\"300\" height=\"200\" srcset=\"https:\/\/www.kdrei-2009.de\/WPKdrei\/wp-content\/uploads\/2010\/05\/K3_Leo_100508_31web1-300x200.jpg 300w, https:\/\/www.kdrei-2009.de\/WPKdrei\/wp-content\/uploads\/2010\/05\/K3_Leo_100508_31web1.jpg 510w\" sizes=\"(max-width: 300px) 100vw, 300px\" \/><\/a><p id=\"caption-attachment-799\" class=\"wp-caption-text\">Blaue Stunde auf dem Marktplatz.<\/p><\/div>\n<div id=\"attachment_785\" style=\"width: 210px\" class=\"wp-caption alignleft\"><a href=\"https:\/\/www.kdrei-2009.de\/WPKdrei\/wp-content\/uploads\/2010\/05\/K3_Leo_100508_32web.jpg\" rel=\"lightbox[774]\"><img loading=\"lazy\" decoding=\"async\" aria-describedby=\"caption-attachment-785\" class=\"size-medium wp-image-785 \" title=\"K3_Leo_100508_32web\" src=\"https:\/\/www.kdrei-2009.de\/WPKdrei\/wp-content\/uploads\/2010\/05\/K3_Leo_100508_32web-200x300.jpg\" alt=\"\" width=\"200\" height=\"300\" srcset=\"https:\/\/www.kdrei-2009.de\/WPKdrei\/wp-content\/uploads\/2010\/05\/K3_Leo_100508_32web-200x300.jpg 200w, https:\/\/www.kdrei-2009.de\/WPKdrei\/wp-content\/uploads\/2010\/05\/K3_Leo_100508_32web.jpg 340w\" sizes=\"(max-width: 200px) 100vw, 200px\" \/><\/a><p id=\"caption-attachment-785\" class=\"wp-caption-text\">Moderne Aussentoilette Typ 2010.<\/p><\/div>\n<div id=\"attachment_779\" style=\"width: 210px\" class=\"wp-caption alignright\"><a href=\"https:\/\/www.kdrei-2009.de\/WPKdrei\/wp-content\/uploads\/2010\/05\/K3_Leo_100508_2web.jpg\" rel=\"lightbox[774]\"><img loading=\"lazy\" decoding=\"async\" aria-describedby=\"caption-attachment-779\" class=\"size-medium wp-image-779  \" title=\"K3_Leo_100508_2web\" src=\"https:\/\/www.kdrei-2009.de\/WPKdrei\/wp-content\/uploads\/2010\/05\/K3_Leo_100508_2web-200x300.jpg\" alt=\"\" width=\"200\" height=\"300\" srcset=\"https:\/\/www.kdrei-2009.de\/WPKdrei\/wp-content\/uploads\/2010\/05\/K3_Leo_100508_2web-200x300.jpg 200w, https:\/\/www.kdrei-2009.de\/WPKdrei\/wp-content\/uploads\/2010\/05\/K3_Leo_100508_2web.jpg 340w\" sizes=\"(max-width: 200px) 100vw, 200px\" \/><\/a><p id=\"caption-attachment-779\" class=\"wp-caption-text\">Moderne Aussentoilette Typ 2010-A.<\/p><\/div>\n<p><span style=\"color: #808080; font-weight: normal; font-size: 12px;\"><br \/>\n<\/span><\/p>\n<p><span style=\"color: #808080;\"> <\/span><\/p>\n","protected":false},"excerpt":{"rendered":"<p>&#8230;eine kleine Abordnung von Kdrei war dort, um die 4. Lange Kunstnacht zu besuchen. Begr\u00fcsst wurden wir von Andreas Herrmann und Tobias Siewert in der Galerie am K\u00fcnstlerhaus. Nach Ausstellungser\u00f6ffnung [&hellip;]<\/p>\n","protected":false},"author":1,"featured_media":0,"parent":5279,"menu_order":3,"comment_status":"open","ping_status":"open","template":"","meta":{"footnotes":""},"_links":{"self":[{"href":"https:\/\/www.kdrei-2009.de\/WPKdrei\/wp-json\/wp\/v2\/pages\/774"}],"collection":[{"href":"https:\/\/www.kdrei-2009.de\/WPKdrei\/wp-json\/wp\/v2\/pages"}],"about":[{"href":"https:\/\/www.kdrei-2009.de\/WPKdrei\/wp-json\/wp\/v2\/types\/page"}],"author":[{"embeddable":true,"href":"https:\/\/www.kdrei-2009.de\/WPKdrei\/wp-json\/wp\/v2\/users\/1"}],"replies":[{"embeddable":true,"href":"https:\/\/www.kdrei-2009.de\/WPKdrei\/wp-json\/wp\/v2\/comments?post=774"}],"version-history":[{"count":14,"href":"https:\/\/www.kdrei-2009.de\/WPKdrei\/wp-json\/wp\/v2\/pages\/774\/revisions"}],"predecessor-version":[{"id":5337,"href":"https:\/\/www.kdrei-2009.de\/WPKdrei\/wp-json\/wp\/v2\/pages\/774\/revisions\/5337"}],"up":[{"embeddable":true,"href":"https:\/\/www.kdrei-2009.de\/WPKdrei\/wp-json\/wp\/v2\/pages\/5279"}],"wp:attachment":[{"href":"https:\/\/www.kdrei-2009.de\/WPKdrei\/wp-json\/wp\/v2\/media?parent=774"}],"curies":[{"name":"wp","href":"https:\/\/api.w.org\/{rel}","templated":true}]}}