{"id":7742,"date":"2019-11-10T12:24:40","date_gmt":"2019-11-10T11:24:40","guid":{"rendered":"https:\/\/www.kdrei-2009.de\/WPKdrei\/?page_id=7742"},"modified":"2019-11-10T14:23:53","modified_gmt":"2019-11-10T13:23:53","slug":"kochkurs-2019-erste-bilder","status":"publish","type":"page","link":"https:\/\/www.kdrei-2009.de\/WPKdrei\/kdrei-events\/kochkurs-2019-erste-bilder\/","title":{"rendered":"Kochkurs 2019&#8230;erste Bilder"},"content":{"rendered":"\n<p style=\"color:#767879\" class=\"has-text-color has-medium-font-size\">Ja, das war dann unser 9. Kochkurs mit Galamen\u00fc. Es war ein langer Tag f\u00fcr alle K\u00f6che. Daf\u00fcr m\u00f6chten wir uns nochmals herzlichst bedanken. Soviel Einsatz, Konzentration und gute Laune bis zum Ende gegen 16.00Uhr. Das kam nat\u00fcrlich auch bei unseren G\u00e4sten sehr gut an. Die Pr\u00e4sentation, der Geschmack, die Texturen, die Kompostion&#8230;.Das kommt nat\u00fcrlich nicht von irgendwo her. Diese Ideen muss mindestens einer im Kopf haben. Daf\u00fcr k\u00f6nnen wir uns nur bei Adrien Hurnungee und seinen beiden K\u00f6chen Anna und Andi Alt bedanken. Boulespieler w\u00fcrden so etwas ein Spitzentriplette nennen. Herzlichen Dank. Ein Essen auf diesem Niveau k\u00f6nnte man eventuell auch mit Bier bestreiten. Wir haben uns aber wie immer f\u00fcr Wein entschieden um den Geschmack der edlen Lebensmittel und die Arbeit in der K\u00fcche entsprechend zu w\u00fcrdigen und zu erg\u00e4nzen. Dieses Jahr aus der Schweiz vom Weingut Festiguet aus Ligerz am Bieler See. Julia Thiemann und Michael Teutsch pr\u00e4senterten ihre Weine souver\u00e4n und locker mit Fachkenntnis und Witz. Unsere Tischdekoration rundete das Gesamtbild optimal ab. Floristmeisterin Marie-Luise Lebsanft wollte dem Men\u00fc in nichts nachstehen und griff in ihre Zauberkiste&#8230;auch daf\u00fcr herzlichen Dank. Zum Empfang in der Aula begr\u00fc\u00dften wir unsere G\u00e4ste traditionsgem\u00e4\u00df mit frischen Austern von der \u00cele d&#8217;Oleron. Mit Britta Werner und Fabian Dublaix hatten wir auch hier 2 kompetente Fachleute. Die beiden Austernz\u00fcchter pr\u00e4sentierten ihre Fine de Claire Label Rouge mit leicht gr\u00fcnlicher F\u00e4rbung im Fleisch. Ein seltener und nicht allt\u00e4glicher Hochgenuss unter Austernkennern. Auch diesen beiden Freunden herzlichen Dank f\u00fcr diese Gaumenschmeichler. Kommen wir nun zu unseren G\u00e4sten. Dass es dieses Jahr etwas voller im Festsaal wurde, verdanken wir unseren vielen treuen Stammg\u00e4sten, die sich durch keine unserer Men\u00fcs haben abschrecken lassen und uns die Stange hielten. Daf\u00fcr wollten wir uns schon lange mal bedanken. Ihr habt uns durch euer stetiges Dabeisein wirklich ermutigt, weiter zu machen. Dass dieses Jahr auch noch viele neue G\u00e4ste dabei waren, freut uns deshalb umso mehr. Jetzt haben aber auch schon viele der neuen G\u00e4ste &#8222;gedroht&#8220; im n\u00e4chsten Jahr wieder zu kommen. Das freut uns noch mehr. Weil es immer so sch\u00f6n ist&#8230;wenn die Halle voll ist und der Abend mit der Vorspeise beginnt&#8230;.<\/p>\n\n\n\n<p class=\"has-medium-font-size\">&#8230;und dann w\u00e4hrend alle kochen oder essen gibt es da die Vereinsmitglieder, die im Service oder an der Sp\u00fclmaschine stehen. Ehrlich gesagt, ohne die w\u00fcrde gar nichts gehen. Herzlichen Dank, lieber Uli, Heike, Bernd, Chris, Verena, Tatjana und Steffi.<\/p>\n\n\n\n<p>Achso&#8230;in der Hektik habe ich vergessen, den Nachtisch geb\u00fchrend zu fotografieren. Deshalb leider keine Bilder davon.<\/p>\n\n\n\n<figure class=\"wp-block-image\"><img loading=\"lazy\" decoding=\"async\" width=\"486\" height=\"821\" src=\"https:\/\/www.kdrei-2009.de\/WPKdrei\/wp-content\/uploads\/2019\/06\/K-3-Menue-2019-01web.jpg\" alt=\"\" class=\"wp-image-7648\" srcset=\"https:\/\/www.kdrei-2009.de\/WPKdrei\/wp-content\/uploads\/2019\/06\/K-3-Menue-2019-01web.jpg 486w, https:\/\/www.kdrei-2009.de\/WPKdrei\/wp-content\/uploads\/2019\/06\/K-3-Menue-2019-01web-178x300.jpg 178w\" sizes=\"(max-width: 486px) 100vw, 486px\" \/><\/figure>\n\n\n\n<ul class=\"wp-block-gallery columns-1 wp-block-gallery-1 is-layout-flex wp-block-gallery-is-layout-flex\"><li class=\"blocks-gallery-item\"><figure><img loading=\"lazy\" decoding=\"async\" width=\"680\" height=\"488\" src=\"https:\/\/www.kdrei-2009.de\/WPKdrei\/wp-content\/uploads\/2019\/11\/K3-KK2019-245web.jpg\" alt=\"\" data-id=\"7736\" data-link=\"https:\/\/www.kdrei-2009.de\/WPKdrei\/?attachment_id=7736\" class=\"wp-image-7736\" srcset=\"https:\/\/www.kdrei-2009.de\/WPKdrei\/wp-content\/uploads\/2019\/11\/K3-KK2019-245web.jpg 680w, https:\/\/www.kdrei-2009.de\/WPKdrei\/wp-content\/uploads\/2019\/11\/K3-KK2019-245web-300x215.jpg 300w\" sizes=\"(max-width: 680px) 100vw, 680px\" \/><\/figure><\/li><li class=\"blocks-gallery-item\"><figure><img loading=\"lazy\" decoding=\"async\" width=\"680\" height=\"385\" src=\"https:\/\/www.kdrei-2009.de\/WPKdrei\/wp-content\/uploads\/2019\/11\/K3-KK2019-246web.jpg\" alt=\"\" data-id=\"7737\" data-link=\"https:\/\/www.kdrei-2009.de\/WPKdrei\/?attachment_id=7737\" class=\"wp-image-7737\" srcset=\"https:\/\/www.kdrei-2009.de\/WPKdrei\/wp-content\/uploads\/2019\/11\/K3-KK2019-246web.jpg 680w, https:\/\/www.kdrei-2009.de\/WPKdrei\/wp-content\/uploads\/2019\/11\/K3-KK2019-246web-300x170.jpg 300w\" sizes=\"(max-width: 680px) 100vw, 680px\" \/><\/figure><\/li><li class=\"blocks-gallery-item\"><figure><img loading=\"lazy\" decoding=\"async\" width=\"680\" height=\"481\" src=\"https:\/\/www.kdrei-2009.de\/WPKdrei\/wp-content\/uploads\/2019\/11\/K3-KK19-Austern-web.jpg\" alt=\"\" data-id=\"7716\" data-link=\"https:\/\/www.kdrei-2009.de\/WPKdrei\/?attachment_id=7716\" class=\"wp-image-7716\" srcset=\"https:\/\/www.kdrei-2009.de\/WPKdrei\/wp-content\/uploads\/2019\/11\/K3-KK19-Austern-web.jpg 680w, https:\/\/www.kdrei-2009.de\/WPKdrei\/wp-content\/uploads\/2019\/11\/K3-KK19-Austern-web-300x212.jpg 300w\" sizes=\"(max-width: 680px) 100vw, 680px\" \/><\/figure><\/li><li class=\"blocks-gallery-item\"><figure><img loading=\"lazy\" decoding=\"async\" width=\"680\" height=\"481\" src=\"https:\/\/www.kdrei-2009.de\/WPKdrei\/wp-content\/uploads\/2019\/11\/K3-KK19-Vorspeise-web.jpg\" alt=\"\" data-id=\"7721\" data-link=\"https:\/\/www.kdrei-2009.de\/WPKdrei\/?attachment_id=7721\" class=\"wp-image-7721\" srcset=\"https:\/\/www.kdrei-2009.de\/WPKdrei\/wp-content\/uploads\/2019\/11\/K3-KK19-Vorspeise-web.jpg 680w, https:\/\/www.kdrei-2009.de\/WPKdrei\/wp-content\/uploads\/2019\/11\/K3-KK19-Vorspeise-web-300x212.jpg 300w\" sizes=\"(max-width: 680px) 100vw, 680px\" \/><\/figure><\/li><li class=\"blocks-gallery-item\"><figure><img loading=\"lazy\" decoding=\"async\" width=\"680\" height=\"481\" src=\"https:\/\/www.kdrei-2009.de\/WPKdrei\/wp-content\/uploads\/2019\/11\/K3-KK19-Suppe-web.jpg\" alt=\"\" data-id=\"7720\" data-link=\"https:\/\/www.kdrei-2009.de\/WPKdrei\/?attachment_id=7720\" class=\"wp-image-7720\" srcset=\"https:\/\/www.kdrei-2009.de\/WPKdrei\/wp-content\/uploads\/2019\/11\/K3-KK19-Suppe-web.jpg 680w, https:\/\/www.kdrei-2009.de\/WPKdrei\/wp-content\/uploads\/2019\/11\/K3-KK19-Suppe-web-300x212.jpg 300w\" sizes=\"(max-width: 680px) 100vw, 680px\" \/><\/figure><\/li><li class=\"blocks-gallery-item\"><figure><img loading=\"lazy\" decoding=\"async\" width=\"680\" height=\"481\" src=\"https:\/\/www.kdrei-2009.de\/WPKdrei\/wp-content\/uploads\/2019\/11\/K3-KK19-Fisch-web.jpg\" alt=\"\" data-id=\"7717\" data-link=\"https:\/\/www.kdrei-2009.de\/WPKdrei\/?attachment_id=7717\" class=\"wp-image-7717\" srcset=\"https:\/\/www.kdrei-2009.de\/WPKdrei\/wp-content\/uploads\/2019\/11\/K3-KK19-Fisch-web.jpg 680w, https:\/\/www.kdrei-2009.de\/WPKdrei\/wp-content\/uploads\/2019\/11\/K3-KK19-Fisch-web-300x212.jpg 300w\" sizes=\"(max-width: 680px) 100vw, 680px\" \/><\/figure><\/li><li class=\"blocks-gallery-item\"><figure><img loading=\"lazy\" decoding=\"async\" width=\"680\" height=\"481\" src=\"https:\/\/www.kdrei-2009.de\/WPKdrei\/wp-content\/uploads\/2019\/11\/K3-KK19-Hauptgang-web.jpg\" alt=\"\" data-id=\"7718\" data-link=\"https:\/\/www.kdrei-2009.de\/WPKdrei\/?attachment_id=7718\" class=\"wp-image-7718\" srcset=\"https:\/\/www.kdrei-2009.de\/WPKdrei\/wp-content\/uploads\/2019\/11\/K3-KK19-Hauptgang-web.jpg 680w, https:\/\/www.kdrei-2009.de\/WPKdrei\/wp-content\/uploads\/2019\/11\/K3-KK19-Hauptgang-web-300x212.jpg 300w\" sizes=\"(max-width: 680px) 100vw, 680px\" \/><\/figure><\/li><li class=\"blocks-gallery-item\"><figure><img loading=\"lazy\" decoding=\"async\" width=\"671\" height=\"1024\" src=\"https:\/\/www.kdrei-2009.de\/WPKdrei\/wp-content\/uploads\/2019\/11\/K3-KK2019-269web-671x1024.jpg\" alt=\"\" data-id=\"7738\" data-link=\"https:\/\/www.kdrei-2009.de\/WPKdrei\/?attachment_id=7738\" class=\"wp-image-7738\" srcset=\"https:\/\/www.kdrei-2009.de\/WPKdrei\/wp-content\/uploads\/2019\/11\/K3-KK2019-269web-671x1024.jpg 671w, https:\/\/www.kdrei-2009.de\/WPKdrei\/wp-content\/uploads\/2019\/11\/K3-KK2019-269web-197x300.jpg 197w, https:\/\/www.kdrei-2009.de\/WPKdrei\/wp-content\/uploads\/2019\/11\/K3-KK2019-269web.jpg 680w\" sizes=\"(max-width: 671px) 100vw, 671px\" \/><\/figure><\/li><li class=\"blocks-gallery-item\"><figure><img loading=\"lazy\" decoding=\"async\" width=\"680\" height=\"546\" src=\"https:\/\/www.kdrei-2009.de\/WPKdrei\/wp-content\/uploads\/2019\/11\/K3-KK2019-333web.jpg\" alt=\"\" data-id=\"7741\" data-link=\"https:\/\/www.kdrei-2009.de\/WPKdrei\/?attachment_id=7741\" class=\"wp-image-7741\" srcset=\"https:\/\/www.kdrei-2009.de\/WPKdrei\/wp-content\/uploads\/2019\/11\/K3-KK2019-333web.jpg 680w, https:\/\/www.kdrei-2009.de\/WPKdrei\/wp-content\/uploads\/2019\/11\/K3-KK2019-333web-300x241.jpg 300w\" sizes=\"(max-width: 680px) 100vw, 680px\" \/><\/figure><\/li><li class=\"blocks-gallery-item\"><figure><img loading=\"lazy\" decoding=\"async\" width=\"680\" height=\"538\" src=\"https:\/\/www.kdrei-2009.de\/WPKdrei\/wp-content\/uploads\/2019\/11\/K3-KK2019-288web.jpg\" alt=\"\" data-id=\"7739\" data-link=\"https:\/\/www.kdrei-2009.de\/WPKdrei\/?attachment_id=7739\" class=\"wp-image-7739\" srcset=\"https:\/\/www.kdrei-2009.de\/WPKdrei\/wp-content\/uploads\/2019\/11\/K3-KK2019-288web.jpg 680w, https:\/\/www.kdrei-2009.de\/WPKdrei\/wp-content\/uploads\/2019\/11\/K3-KK2019-288web-300x237.jpg 300w\" sizes=\"(max-width: 680px) 100vw, 680px\" \/><\/figure><\/li><li class=\"blocks-gallery-item\"><figure><img loading=\"lazy\" decoding=\"async\" width=\"680\" height=\"474\" src=\"https:\/\/www.kdrei-2009.de\/WPKdrei\/wp-content\/uploads\/2019\/11\/K3-KK2019-237web.jpg\" alt=\"\" data-id=\"7735\" data-link=\"https:\/\/www.kdrei-2009.de\/WPKdrei\/?attachment_id=7735\" class=\"wp-image-7735\" srcset=\"https:\/\/www.kdrei-2009.de\/WPKdrei\/wp-content\/uploads\/2019\/11\/K3-KK2019-237web.jpg 680w, https:\/\/www.kdrei-2009.de\/WPKdrei\/wp-content\/uploads\/2019\/11\/K3-KK2019-237web-300x209.jpg 300w\" sizes=\"(max-width: 680px) 100vw, 680px\" \/><\/figure><\/li><li class=\"blocks-gallery-item\"><figure><img loading=\"lazy\" decoding=\"async\" width=\"680\" height=\"445\" src=\"https:\/\/www.kdrei-2009.de\/WPKdrei\/wp-content\/uploads\/2019\/11\/K3-KK2019-182web.jpg\" alt=\"\" data-id=\"7728\" data-link=\"https:\/\/www.kdrei-2009.de\/WPKdrei\/?attachment_id=7728\" class=\"wp-image-7728\" srcset=\"https:\/\/www.kdrei-2009.de\/WPKdrei\/wp-content\/uploads\/2019\/11\/K3-KK2019-182web.jpg 680w, https:\/\/www.kdrei-2009.de\/WPKdrei\/wp-content\/uploads\/2019\/11\/K3-KK2019-182web-300x196.jpg 300w\" sizes=\"(max-width: 680px) 100vw, 680px\" \/><\/figure><\/li><li class=\"blocks-gallery-item\"><figure><img loading=\"lazy\" decoding=\"async\" width=\"680\" height=\"693\" src=\"https:\/\/www.kdrei-2009.de\/WPKdrei\/wp-content\/uploads\/2019\/11\/K3-KK2019-053web.jpg\" alt=\"\" data-id=\"7723\" data-link=\"https:\/\/www.kdrei-2009.de\/WPKdrei\/?attachment_id=7723\" class=\"wp-image-7723\" srcset=\"https:\/\/www.kdrei-2009.de\/WPKdrei\/wp-content\/uploads\/2019\/11\/K3-KK2019-053web.jpg 680w, https:\/\/www.kdrei-2009.de\/WPKdrei\/wp-content\/uploads\/2019\/11\/K3-KK2019-053web-294x300.jpg 294w\" sizes=\"(max-width: 680px) 100vw, 680px\" \/><\/figure><\/li><li class=\"blocks-gallery-item\"><figure><img loading=\"lazy\" decoding=\"async\" width=\"680\" height=\"393\" src=\"https:\/\/www.kdrei-2009.de\/WPKdrei\/wp-content\/uploads\/2019\/11\/K3-KK2019-050web.jpg\" alt=\"\" data-id=\"7722\" data-link=\"https:\/\/www.kdrei-2009.de\/WPKdrei\/?attachment_id=7722\" class=\"wp-image-7722\" srcset=\"https:\/\/www.kdrei-2009.de\/WPKdrei\/wp-content\/uploads\/2019\/11\/K3-KK2019-050web.jpg 680w, https:\/\/www.kdrei-2009.de\/WPKdrei\/wp-content\/uploads\/2019\/11\/K3-KK2019-050web-300x173.jpg 300w\" sizes=\"(max-width: 680px) 100vw, 680px\" \/><\/figure><\/li><li class=\"blocks-gallery-item\"><figure><img loading=\"lazy\" decoding=\"async\" width=\"680\" height=\"390\" src=\"https:\/\/www.kdrei-2009.de\/WPKdrei\/wp-content\/uploads\/2019\/11\/K3-KK2019-188web.jpg\" alt=\"\" data-id=\"7729\" data-link=\"https:\/\/www.kdrei-2009.de\/WPKdrei\/?attachment_id=7729\" class=\"wp-image-7729\" srcset=\"https:\/\/www.kdrei-2009.de\/WPKdrei\/wp-content\/uploads\/2019\/11\/K3-KK2019-188web.jpg 680w, https:\/\/www.kdrei-2009.de\/WPKdrei\/wp-content\/uploads\/2019\/11\/K3-KK2019-188web-300x172.jpg 300w\" sizes=\"(max-width: 680px) 100vw, 680px\" \/><\/figure><\/li><li class=\"blocks-gallery-item\"><figure><img loading=\"lazy\" decoding=\"async\" width=\"680\" height=\"453\" src=\"https:\/\/www.kdrei-2009.de\/WPKdrei\/wp-content\/uploads\/2019\/11\/K3-KK2019-142web.jpg\" alt=\"\" data-id=\"7725\" data-link=\"https:\/\/www.kdrei-2009.de\/WPKdrei\/?attachment_id=7725\" class=\"wp-image-7725\" srcset=\"https:\/\/www.kdrei-2009.de\/WPKdrei\/wp-content\/uploads\/2019\/11\/K3-KK2019-142web.jpg 680w, https:\/\/www.kdrei-2009.de\/WPKdrei\/wp-content\/uploads\/2019\/11\/K3-KK2019-142web-300x200.jpg 300w\" sizes=\"(max-width: 680px) 100vw, 680px\" \/><\/figure><\/li><li class=\"blocks-gallery-item\"><figure><img loading=\"lazy\" decoding=\"async\" width=\"680\" height=\"701\" src=\"https:\/\/www.kdrei-2009.de\/WPKdrei\/wp-content\/uploads\/2019\/11\/K3-KK2019-165web.jpg\" alt=\"\" data-id=\"7727\" data-link=\"https:\/\/www.kdrei-2009.de\/WPKdrei\/?attachment_id=7727\" class=\"wp-image-7727\" srcset=\"https:\/\/www.kdrei-2009.de\/WPKdrei\/wp-content\/uploads\/2019\/11\/K3-KK2019-165web.jpg 680w, https:\/\/www.kdrei-2009.de\/WPKdrei\/wp-content\/uploads\/2019\/11\/K3-KK2019-165web-291x300.jpg 291w\" sizes=\"(max-width: 680px) 100vw, 680px\" \/><\/figure><\/li><li class=\"blocks-gallery-item\"><figure><img loading=\"lazy\" decoding=\"async\" width=\"471\" height=\"680\" src=\"https:\/\/www.kdrei-2009.de\/WPKdrei\/wp-content\/uploads\/2019\/11\/K3-KK2019-203web.jpg\" alt=\"\" data-id=\"7732\" data-link=\"https:\/\/www.kdrei-2009.de\/WPKdrei\/?attachment_id=7732\" class=\"wp-image-7732\" srcset=\"https:\/\/www.kdrei-2009.de\/WPKdrei\/wp-content\/uploads\/2019\/11\/K3-KK2019-203web.jpg 471w, https:\/\/www.kdrei-2009.de\/WPKdrei\/wp-content\/uploads\/2019\/11\/K3-KK2019-203web-208x300.jpg 208w\" sizes=\"(max-width: 471px) 100vw, 471px\" \/><\/figure><\/li><li class=\"blocks-gallery-item\"><figure><img loading=\"lazy\" decoding=\"async\" width=\"680\" height=\"814\" src=\"https:\/\/www.kdrei-2009.de\/WPKdrei\/wp-content\/uploads\/2019\/11\/K3-KK2019-206web.jpg\" alt=\"\" data-id=\"7733\" data-link=\"https:\/\/www.kdrei-2009.de\/WPKdrei\/?attachment_id=7733\" class=\"wp-image-7733\" srcset=\"https:\/\/www.kdrei-2009.de\/WPKdrei\/wp-content\/uploads\/2019\/11\/K3-KK2019-206web.jpg 680w, https:\/\/www.kdrei-2009.de\/WPKdrei\/wp-content\/uploads\/2019\/11\/K3-KK2019-206web-251x300.jpg 251w\" sizes=\"(max-width: 680px) 100vw, 680px\" \/><\/figure><\/li><li class=\"blocks-gallery-item\"><figure><img loading=\"lazy\" decoding=\"async\" width=\"914\" height=\"680\" src=\"https:\/\/www.kdrei-2009.de\/WPKdrei\/wp-content\/uploads\/2019\/11\/K3-KK2019-201web.jpg\" alt=\"\" data-id=\"7731\" data-link=\"https:\/\/www.kdrei-2009.de\/WPKdrei\/?attachment_id=7731\" class=\"wp-image-7731\" srcset=\"https:\/\/www.kdrei-2009.de\/WPKdrei\/wp-content\/uploads\/2019\/11\/K3-KK2019-201web.jpg 914w, https:\/\/www.kdrei-2009.de\/WPKdrei\/wp-content\/uploads\/2019\/11\/K3-KK2019-201web-300x223.jpg 300w, https:\/\/www.kdrei-2009.de\/WPKdrei\/wp-content\/uploads\/2019\/11\/K3-KK2019-201web-768x571.jpg 768w\" sizes=\"(max-width: 914px) 100vw, 914px\" \/><\/figure><\/li><li class=\"blocks-gallery-item\"><figure><img loading=\"lazy\" decoding=\"async\" width=\"680\" height=\"627\" src=\"https:\/\/www.kdrei-2009.de\/WPKdrei\/wp-content\/uploads\/2019\/11\/K3-KK2019-137web.jpg\" alt=\"\" data-id=\"7724\" data-link=\"https:\/\/www.kdrei-2009.de\/WPKdrei\/?attachment_id=7724\" class=\"wp-image-7724\" srcset=\"https:\/\/www.kdrei-2009.de\/WPKdrei\/wp-content\/uploads\/2019\/11\/K3-KK2019-137web.jpg 680w, https:\/\/www.kdrei-2009.de\/WPKdrei\/wp-content\/uploads\/2019\/11\/K3-KK2019-137web-300x277.jpg 300w\" sizes=\"(max-width: 680px) 100vw, 680px\" \/><\/figure><\/li><li class=\"blocks-gallery-item\"><figure><img loading=\"lazy\" decoding=\"async\" width=\"680\" height=\"507\" src=\"https:\/\/www.kdrei-2009.de\/WPKdrei\/wp-content\/uploads\/2019\/11\/K3-KK2019-164web.jpg\" alt=\"\" data-id=\"7726\" data-link=\"https:\/\/www.kdrei-2009.de\/WPKdrei\/?attachment_id=7726\" class=\"wp-image-7726\" srcset=\"https:\/\/www.kdrei-2009.de\/WPKdrei\/wp-content\/uploads\/2019\/11\/K3-KK2019-164web.jpg 680w, https:\/\/www.kdrei-2009.de\/WPKdrei\/wp-content\/uploads\/2019\/11\/K3-KK2019-164web-300x224.jpg 300w\" sizes=\"(max-width: 680px) 100vw, 680px\" \/><\/figure><\/li><li class=\"blocks-gallery-item\"><figure><img loading=\"lazy\" decoding=\"async\" width=\"680\" height=\"474\" src=\"https:\/\/www.kdrei-2009.de\/WPKdrei\/wp-content\/uploads\/2019\/11\/K3-KK2019-233web.jpg\" alt=\"\" data-id=\"7734\" data-link=\"https:\/\/www.kdrei-2009.de\/WPKdrei\/?attachment_id=7734\" class=\"wp-image-7734\" srcset=\"https:\/\/www.kdrei-2009.de\/WPKdrei\/wp-content\/uploads\/2019\/11\/K3-KK2019-233web.jpg 680w, https:\/\/www.kdrei-2009.de\/WPKdrei\/wp-content\/uploads\/2019\/11\/K3-KK2019-233web-300x209.jpg 300w\" sizes=\"(max-width: 680px) 100vw, 680px\" \/><\/figure><\/li><li class=\"blocks-gallery-item\"><figure><img loading=\"lazy\" decoding=\"async\" width=\"680\" height=\"706\" src=\"https:\/\/www.kdrei-2009.de\/WPKdrei\/wp-content\/uploads\/2019\/11\/K3-KK2019-312web.jpg\" alt=\"\" data-id=\"7740\" data-link=\"https:\/\/www.kdrei-2009.de\/WPKdrei\/?attachment_id=7740\" class=\"wp-image-7740\" srcset=\"https:\/\/www.kdrei-2009.de\/WPKdrei\/wp-content\/uploads\/2019\/11\/K3-KK2019-312web.jpg 680w, https:\/\/www.kdrei-2009.de\/WPKdrei\/wp-content\/uploads\/2019\/11\/K3-KK2019-312web-289x300.jpg 289w\" sizes=\"(max-width: 680px) 100vw, 680px\" \/><\/figure><\/li><li class=\"blocks-gallery-item\"><figure><img loading=\"lazy\" decoding=\"async\" width=\"680\" height=\"471\" src=\"https:\/\/www.kdrei-2009.de\/WPKdrei\/wp-content\/uploads\/2019\/11\/K3-KK2019-191web.jpg\" alt=\"\" data-id=\"7730\" data-link=\"https:\/\/www.kdrei-2009.de\/WPKdrei\/?attachment_id=7730\" class=\"wp-image-7730\" srcset=\"https:\/\/www.kdrei-2009.de\/WPKdrei\/wp-content\/uploads\/2019\/11\/K3-KK2019-191web.jpg 680w, https:\/\/www.kdrei-2009.de\/WPKdrei\/wp-content\/uploads\/2019\/11\/K3-KK2019-191web-300x208.jpg 300w\" sizes=\"(max-width: 680px) 100vw, 680px\" \/><\/figure><\/li><li class=\"blocks-gallery-item\"><figure><img loading=\"lazy\" decoding=\"async\" width=\"680\" height=\"473\" src=\"https:\/\/www.kdrei-2009.de\/WPKdrei\/wp-content\/uploads\/2019\/11\/K3-KK2019-308web.jpg\" alt=\"\" data-id=\"7755\" data-link=\"https:\/\/www.kdrei-2009.de\/WPKdrei\/?attachment_id=7755\" class=\"wp-image-7755\" srcset=\"https:\/\/www.kdrei-2009.de\/WPKdrei\/wp-content\/uploads\/2019\/11\/K3-KK2019-308web.jpg 680w, https:\/\/www.kdrei-2009.de\/WPKdrei\/wp-content\/uploads\/2019\/11\/K3-KK2019-308web-300x209.jpg 300w\" sizes=\"(max-width: 680px) 100vw, 680px\" \/><\/figure><\/li><li class=\"blocks-gallery-item\"><figure><img loading=\"lazy\" decoding=\"async\" width=\"680\" height=\"521\" src=\"https:\/\/www.kdrei-2009.de\/WPKdrei\/wp-content\/uploads\/2019\/11\/K3-KK2019-150web.jpg\" alt=\"\" data-id=\"7753\" data-link=\"https:\/\/www.kdrei-2009.de\/WPKdrei\/?attachment_id=7753\" class=\"wp-image-7753\" srcset=\"https:\/\/www.kdrei-2009.de\/WPKdrei\/wp-content\/uploads\/2019\/11\/K3-KK2019-150web.jpg 680w, https:\/\/www.kdrei-2009.de\/WPKdrei\/wp-content\/uploads\/2019\/11\/K3-KK2019-150web-300x230.jpg 300w\" sizes=\"(max-width: 680px) 100vw, 680px\" \/><\/figure><\/li><\/ul>\n\n\n\n<p>Ich ver\u00f6ffentliche hier die Emails, die nach der Veranstaltung eingingen.<\/p>\n\n\n\n<p>\u2026 wir danken Dir und allen Galak\u00f6chen und w\u00fcnschen ein sch\u00f6nes weekend<br \/> beste Gr\u00fc\u00dfe an die \ud83d\udc69 <br \/> PuM  Berlin<\/p>\n\n\n\n<p>Hallo Walter<br \/>\nJa, wir sind bestens Nachhause gekommen und tr\u00e4umen oft noch von dem sch\u00f6nen Men\u00fc und den netten Leuten.<br \/>\nDie Woche hat dan aber turbulent gestartet und ich komme leider erst jetzt dazu dir zu antworten\u2026..Wir w\u00fcrden uns freuen euch wieder zu sehen, auch wenn &#8222;nur&#8220; als Gast beim n\u00e4chsten Galamen\u00fc?!<br \/>\nLiebe Gr\u00fcsse aus der Schweiz<br \/>\nMichael Teutsch &amp; Julia Thiemann<\/p>\n\n\n\n<p>Hallo Walle,<\/p>\n\n\n\n<p>f\u00fcr uns war es ein ganz besonderer Tag. Eine super Erfahrung\u2026 am Anfang ist man etwas unbeholfen und schaut mal, wie sich alles entwickelt, aber<br \/> mit Anna, Andi und Adrien als Anleiter war es Spitzenklasse\u2026 Viel gelernt, viel erlebt, viel Freude gehabt, viele tolle Leute kennengelernt, viel und exzellent gegessen (und getrunken)\u2026.was will man mehr!!! Sind einfach nur begeistert und werden noch lange \u00fcber diesen Tag reden.<br \/>  An alle ein gro\u00dfes Dankesch\u00f6n f\u00fcr den f\u00fcr uns perfekten Tag! (besonders an Dich f\u00fcr die ganze Orga\u2026)<br \/> Viele Gr\u00fcsse<br \/> Hacky und Anke<\/p>\n\n\n\n<p>Ein ebenso dickes DANKE\u2026\u2026. von meiner Seite, denn es war ein absolut tolles Erlebnis und echtes Feuerwerk!!! Die vielen Helfer vor und hinter den Kulissen geb\u00fchrt ein gro\u00dfes Lob. W\u00fcnsche dir eine Gute Zeit Walter\u2026..<br \/> Lisa D.-K.<\/p>\n\n\n\n<p>Lieber Walter, <br \/>\nvielen, vielen Dank f\u00fcr den tollen, leckeren Abend. Es war unsere Premiere und wir werden wieder kommen!!<br \/>\nLiebe Gr\u00fc\u00dfe, Chirine &amp; Roland <\/p>\n\n\n\n<p>Ich muss mich bedanken. War alles wieder wunderbar und in allen Bereichen eine Glanzleistung! <br \/>\nLG Dorothea<\/p>\n\n\n\n<p>Lieber Walter,<br \/>\nauch von uns der Dank f\u00fcr einen genialen Abend. Wir freuen uns aufs n\u00e4chste Mal.<br \/>\nMit kulinarischen Gr\u00fc\u00dfen<br \/>\nPeter v. G. BestChefs Magazin<\/p>\n","protected":false},"excerpt":{"rendered":"<p>Ja, das war dann unser 9. Kochkurs mit Galamen\u00fc. Es war ein langer Tag f\u00fcr alle K\u00f6che. Daf\u00fcr m\u00f6chten wir uns nochmals herzlichst bedanken. Soviel Einsatz, Konzentration und gute Laune [&hellip;]<\/p>\n","protected":false},"author":1,"featured_media":0,"parent":1253,"menu_order":0,"comment_status":"open","ping_status":"closed","template":"","meta":{"footnotes":""},"_links":{"self":[{"href":"https:\/\/www.kdrei-2009.de\/WPKdrei\/wp-json\/wp\/v2\/pages\/7742"}],"collection":[{"href":"https:\/\/www.kdrei-2009.de\/WPKdrei\/wp-json\/wp\/v2\/pages"}],"about":[{"href":"https:\/\/www.kdrei-2009.de\/WPKdrei\/wp-json\/wp\/v2\/types\/page"}],"author":[{"embeddable":true,"href":"https:\/\/www.kdrei-2009.de\/WPKdrei\/wp-json\/wp\/v2\/users\/1"}],"replies":[{"embeddable":true,"href":"https:\/\/www.kdrei-2009.de\/WPKdrei\/wp-json\/wp\/v2\/comments?post=7742"}],"version-history":[{"count":11,"href":"https:\/\/www.kdrei-2009.de\/WPKdrei\/wp-json\/wp\/v2\/pages\/7742\/revisions"}],"predecessor-version":[{"id":7764,"href":"https:\/\/www.kdrei-2009.de\/WPKdrei\/wp-json\/wp\/v2\/pages\/7742\/revisions\/7764"}],"up":[{"embeddable":true,"href":"https:\/\/www.kdrei-2009.de\/WPKdrei\/wp-json\/wp\/v2\/pages\/1253"}],"wp:attachment":[{"href":"https:\/\/www.kdrei-2009.de\/WPKdrei\/wp-json\/wp\/v2\/media?parent=7742"}],"curies":[{"name":"wp","href":"https:\/\/api.w.org\/{rel}","templated":true}]}}