{"id":7781,"date":"2019-11-26T12:18:01","date_gmt":"2019-11-26T11:18:01","guid":{"rendered":"https:\/\/www.kdrei-2009.de\/WPKdrei\/?page_id=7781"},"modified":"2019-11-26T12:18:01","modified_gmt":"2019-11-26T11:18:01","slug":"finissage-bei-bailly","status":"publish","type":"page","link":"https:\/\/www.kdrei-2009.de\/WPKdrei\/kunst\/visuelles\/visuelles-2017\/finissage-bei-bailly\/","title":{"rendered":"Finissage bei Bailly"},"content":{"rendered":"\n<p style=\"color:#6e7172\" class=\"has-text-color has-medium-font-size\"><\/p>\n\n\n\n<p style=\"color:#6c6e6e\" class=\"has-text-color has-medium-font-size\">Die Ausstellung  \u201eSo sind wohl manche Sachen\u2026\u201c  im Kunstraum in der Hofgasse 5 in Unterensingen, mit kleinformatigen Arbeiten des K\u00fcnstlers Max G. Bailly endet  am Sonntag 08. Dezember mit einer Finissage.  Zwischen 14 und 17 Uhr werden der  Stall, die Scheune und das neue Magazin  noch einmal f\u00fcr Besucher ge\u00f6ffnet sein. Das Projekt \u201eKunstraum Hofgasse\u201c soll zu einem Ort der Begegnung und der Kreativit\u00e4t mit Kursen und Seminaren werden.  Interessierte sind herzlich eingeladen. Telefonische Anmeldungen f\u00fcr individuelle Besuche sind bis zum 22.12. noch m\u00f6glich: 07022-65383.<\/p>\n\n\n\n<figure class=\"wp-block-image\"><img loading=\"lazy\" decoding=\"async\" width=\"680\" height=\"669\" src=\"https:\/\/www.kdrei-2009.de\/WPKdrei\/wp-content\/uploads\/2019\/11\/Bailly-01web.jpg\" alt=\"\" class=\"wp-image-7779\" srcset=\"https:\/\/www.kdrei-2009.de\/WPKdrei\/wp-content\/uploads\/2019\/11\/Bailly-01web.jpg 680w, https:\/\/www.kdrei-2009.de\/WPKdrei\/wp-content\/uploads\/2019\/11\/Bailly-01web-300x295.jpg 300w\" sizes=\"(max-width: 680px) 100vw, 680px\" \/><\/figure>\n","protected":false},"excerpt":{"rendered":"<p>Die Ausstellung \u201eSo sind wohl manche Sachen\u2026\u201c im Kunstraum in der Hofgasse 5 in Unterensingen, mit kleinformatigen Arbeiten des K\u00fcnstlers Max G. Bailly endet am Sonntag 08. Dezember mit einer [&hellip;]<\/p>\n","protected":false},"author":1,"featured_media":0,"parent":6252,"menu_order":0,"comment_status":"closed","ping_status":"closed","template":"","meta":{"footnotes":""},"_links":{"self":[{"href":"https:\/\/www.kdrei-2009.de\/WPKdrei\/wp-json\/wp\/v2\/pages\/7781"}],"collection":[{"href":"https:\/\/www.kdrei-2009.de\/WPKdrei\/wp-json\/wp\/v2\/pages"}],"about":[{"href":"https:\/\/www.kdrei-2009.de\/WPKdrei\/wp-json\/wp\/v2\/types\/page"}],"author":[{"embeddable":true,"href":"https:\/\/www.kdrei-2009.de\/WPKdrei\/wp-json\/wp\/v2\/users\/1"}],"replies":[{"embeddable":true,"href":"https:\/\/www.kdrei-2009.de\/WPKdrei\/wp-json\/wp\/v2\/comments?post=7781"}],"version-history":[{"count":1,"href":"https:\/\/www.kdrei-2009.de\/WPKdrei\/wp-json\/wp\/v2\/pages\/7781\/revisions"}],"predecessor-version":[{"id":7782,"href":"https:\/\/www.kdrei-2009.de\/WPKdrei\/wp-json\/wp\/v2\/pages\/7781\/revisions\/7782"}],"up":[{"embeddable":true,"href":"https:\/\/www.kdrei-2009.de\/WPKdrei\/wp-json\/wp\/v2\/pages\/6252"}],"wp:attachment":[{"href":"https:\/\/www.kdrei-2009.de\/WPKdrei\/wp-json\/wp\/v2\/media?parent=7781"}],"curies":[{"name":"wp","href":"https:\/\/api.w.org\/{rel}","templated":true}]}}