{"id":848,"date":"2010-05-17T14:11:14","date_gmt":"2010-05-17T14:11:14","guid":{"rendered":"https:\/\/www.kdrei-2009.de\/WPKdrei\/?page_id=848"},"modified":"2010-05-17T15:44:47","modified_gmt":"2010-05-17T15:44:47","slug":"der-3-spieltag-in-neuffen","status":"publish","type":"page","link":"https:\/\/www.kdrei-2009.de\/WPKdrei\/kugelsport-2\/kuegelsport-2010\/liga-2010-2\/der-3-spieltag-in-neuffen\/","title":{"rendered":"3. Spieltag in Neuffen."},"content":{"rendered":"<h3><span style=\"color: #808080;\">Was wollen \u00fcber diesen Tag berichten? \u00a0 \u00a0 \u00a0 \u00a0 \u00a0 \u00a0 \u00a0 \u00a0 \u00a0 \u00a0 \u00a0 \u00a0 \u00a0 \u00a0 \u00a0 \u00a0 \u00a0 \u00a0 \u00a0 \u00a0 \u00a0 \u00a0 \u00a0 \u00a0 \u00a0 \u00a0 \u00a0 \u00a0 \u00a0 \u00a0 \u00a0 \u00a0 \u00a0 \u00a0 \u00a0 \u00a0 \u00a0 \u00a0 \u00a0 \u00a0 \u00a0 \u00a0 \u00a0 \u00a0 \u00a0 \u00a0 \u00a0 \u00a0 \u00a0 Wir freuten uns, da\u00df wir keine Unmengen Sonnenschutzcreme auftragen mussten. Wir hatten einen sch\u00f6nen, feuchten Bouletag. Wir haben viele, nette, alte Bekannte getroffen. Wir haben uns am\u00fcsiert. Wir haben Boule gespielt.<\/span><\/h3>\n<h3><span style=\"color: #808080;\">Unsere erste Begegnung gegen Hardt war zugleich das letzte Vorrundenspiel. Nach einem sch\u00f6nen 5:0 Sieg konnten wir sogleich die &#8222;Herbstmeisterschaft&#8220; begiessen. Kdrei geht mit 5:0 Punkten und somit unbesiegt in die Herbstpause an den Grill- und Getr\u00e4nkestand unserer Boulefreunde aus Neuffen.<\/span><\/h3>\n<h3><span style=\"color: #808080;\">Nach einer kleinen Erfrischung ging es dann unverz\u00fcglich an die R\u00fcckrunde der Boulesaison 2010. Unser erster Gegner war Leinfelden 2. Nach ausgeglichenem Triplettespiel stand es 1:1. In den Doublettes konnten Andi und Chris mit \u00a013:3 und Wolfgang mit Max und einem \u00a013:4 \u00fcberzeugen. Lediglich Werner und Walter fanden nicht mehr ins Spiel zur\u00fcck bzw. sie fanden den Anfang schon sehr sp\u00e4t. Sie mussten ihre Partie mit 5:13 an ihre Boulefreunde aus LE abgeben.<\/span><\/h3>\n<h3><span style=\"color: #808080;\">F\u00fcr Kdrei spielten und feierten an diesem Tag: \u00a0Gundi, Hanne, Max, Wolfgang, Werner, Walter, Andi und Chris.<\/span><\/h3>\n<div id=\"attachment_853\" style=\"width: 310px\" class=\"wp-caption aligncenter\"><a href=\"https:\/\/www.kdrei-2009.de\/WPKdrei\/wp-content\/uploads\/2010\/05\/Bezirksliga20103.Spieltagwe.jpg\" rel=\"lightbox[848]\"><img loading=\"lazy\" decoding=\"async\" aria-describedby=\"caption-attachment-853\" class=\"size-medium wp-image-853\" title=\"Bezirksliga20103.Spieltagwe\" src=\"https:\/\/www.kdrei-2009.de\/WPKdrei\/wp-content\/uploads\/2010\/05\/Bezirksliga20103.Spieltagwe-300x206.jpg\" alt=\"\" width=\"300\" height=\"206\" srcset=\"https:\/\/www.kdrei-2009.de\/WPKdrei\/wp-content\/uploads\/2010\/05\/Bezirksliga20103.Spieltagwe-300x206.jpg 300w, https:\/\/www.kdrei-2009.de\/WPKdrei\/wp-content\/uploads\/2010\/05\/Bezirksliga20103.Spieltagwe.jpg 840w\" sizes=\"(max-width: 300px) 100vw, 300px\" \/><\/a><p id=\"caption-attachment-853\" class=\"wp-caption-text\">Tabellen nach 3. Spieltag.<\/p><\/div>\n<div id=\"attachment_871\" style=\"width: 310px\" class=\"wp-caption aligncenter\"><a href=\"https:\/\/www.kdrei-2009.de\/WPKdrei\/wp-content\/uploads\/2010\/05\/K3-liga100515-02web1.jpg\" rel=\"lightbox[848]\"><img loading=\"lazy\" decoding=\"async\" aria-describedby=\"caption-attachment-871\" class=\"size-medium wp-image-871\" title=\"K3-liga100515-02web\" src=\"https:\/\/www.kdrei-2009.de\/WPKdrei\/wp-content\/uploads\/2010\/05\/K3-liga100515-02web1-300x300.jpg\" alt=\"\" width=\"300\" height=\"300\" srcset=\"https:\/\/www.kdrei-2009.de\/WPKdrei\/wp-content\/uploads\/2010\/05\/K3-liga100515-02web1-300x300.jpg 300w, https:\/\/www.kdrei-2009.de\/WPKdrei\/wp-content\/uploads\/2010\/05\/K3-liga100515-02web1-150x150.jpg 150w, https:\/\/www.kdrei-2009.de\/WPKdrei\/wp-content\/uploads\/2010\/05\/K3-liga100515-02web1.jpg 567w\" sizes=\"(max-width: 300px) 100vw, 300px\" \/><\/a><p id=\"caption-attachment-871\" class=\"wp-caption-text\">Kdrei-im Dunkeln.<\/p><\/div>\n<div id=\"attachment_850\" style=\"width: 310px\" class=\"wp-caption aligncenter\"><a href=\"https:\/\/www.kdrei-2009.de\/WPKdrei\/wp-content\/uploads\/2010\/05\/K3-liga100515-01web.jpg\" rel=\"lightbox[848]\"><img loading=\"lazy\" decoding=\"async\" aria-describedby=\"caption-attachment-850\" class=\"size-medium wp-image-850\" title=\"K3-liga100515-01web\" src=\"https:\/\/www.kdrei-2009.de\/WPKdrei\/wp-content\/uploads\/2010\/05\/K3-liga100515-01web-300x300.jpg\" alt=\"\" width=\"300\" height=\"300\" srcset=\"https:\/\/www.kdrei-2009.de\/WPKdrei\/wp-content\/uploads\/2010\/05\/K3-liga100515-01web-300x300.jpg 300w, https:\/\/www.kdrei-2009.de\/WPKdrei\/wp-content\/uploads\/2010\/05\/K3-liga100515-01web-150x150.jpg 150w, https:\/\/www.kdrei-2009.de\/WPKdrei\/wp-content\/uploads\/2010\/05\/K3-liga100515-01web.jpg 567w\" sizes=\"(max-width: 300px) 100vw, 300px\" \/><\/a><p id=\"caption-attachment-850\" class=\"wp-caption-text\">Kdrei - Was f\u00fcr eine Stimmung.<\/p><\/div>\n<div id=\"attachment_851\" style=\"width: 310px\" class=\"wp-caption aligncenter\"><a href=\"https:\/\/www.kdrei-2009.de\/WPKdrei\/wp-content\/uploads\/2010\/05\/K3-liga100515-03web.jpg\" rel=\"lightbox[848]\"><img loading=\"lazy\" decoding=\"async\" aria-describedby=\"caption-attachment-851\" class=\"size-medium wp-image-851\" title=\"K3-liga100515-03web\" src=\"https:\/\/www.kdrei-2009.de\/WPKdrei\/wp-content\/uploads\/2010\/05\/K3-liga100515-03web-300x224.jpg\" alt=\"\" width=\"300\" height=\"224\" srcset=\"https:\/\/www.kdrei-2009.de\/WPKdrei\/wp-content\/uploads\/2010\/05\/K3-liga100515-03web-300x224.jpg 300w, https:\/\/www.kdrei-2009.de\/WPKdrei\/wp-content\/uploads\/2010\/05\/K3-liga100515-03web.jpg 567w\" sizes=\"(max-width: 300px) 100vw, 300px\" \/><\/a><p id=\"caption-attachment-851\" class=\"wp-caption-text\">Kleiner Umtrunk nach der &quot;Herbstmeisterschaft&quot;.<\/p><\/div>\n","protected":false},"excerpt":{"rendered":"<p>Was wollen \u00fcber diesen Tag berichten? \u00a0 \u00a0 \u00a0 \u00a0 \u00a0 \u00a0 \u00a0 \u00a0 \u00a0 \u00a0 \u00a0 \u00a0 \u00a0 \u00a0 \u00a0 \u00a0 \u00a0 \u00a0 \u00a0 \u00a0 \u00a0 \u00a0 \u00a0 \u00a0 [&hellip;]<\/p>\n","protected":false},"author":1,"featured_media":0,"parent":365,"menu_order":4,"comment_status":"open","ping_status":"open","template":"","meta":{"footnotes":""},"_links":{"self":[{"href":"https:\/\/www.kdrei-2009.de\/WPKdrei\/wp-json\/wp\/v2\/pages\/848"}],"collection":[{"href":"https:\/\/www.kdrei-2009.de\/WPKdrei\/wp-json\/wp\/v2\/pages"}],"about":[{"href":"https:\/\/www.kdrei-2009.de\/WPKdrei\/wp-json\/wp\/v2\/types\/page"}],"author":[{"embeddable":true,"href":"https:\/\/www.kdrei-2009.de\/WPKdrei\/wp-json\/wp\/v2\/users\/1"}],"replies":[{"embeddable":true,"href":"https:\/\/www.kdrei-2009.de\/WPKdrei\/wp-json\/wp\/v2\/comments?post=848"}],"version-history":[{"count":12,"href":"https:\/\/www.kdrei-2009.de\/WPKdrei\/wp-json\/wp\/v2\/pages\/848\/revisions"}],"predecessor-version":[{"id":868,"href":"https:\/\/www.kdrei-2009.de\/WPKdrei\/wp-json\/wp\/v2\/pages\/848\/revisions\/868"}],"up":[{"embeddable":true,"href":"https:\/\/www.kdrei-2009.de\/WPKdrei\/wp-json\/wp\/v2\/pages\/365"}],"wp:attachment":[{"href":"https:\/\/www.kdrei-2009.de\/WPKdrei\/wp-json\/wp\/v2\/media?parent=848"}],"curies":[{"name":"wp","href":"https:\/\/api.w.org\/{rel}","templated":true}]}}