{"id":884,"date":"2010-05-17T15:19:54","date_gmt":"2010-05-17T15:19:54","guid":{"rendered":"https:\/\/www.kdrei-2009.de\/WPKdrei\/?page_id=884"},"modified":"2016-03-15T10:59:38","modified_gmt":"2016-03-15T10:59:38","slug":"tomi-ungerer-bei-wurth","status":"publish","type":"page","link":"https:\/\/www.kdrei-2009.de\/WPKdrei\/kultur\/kultur-2010-2\/tomi-ungerer-bei-wurth\/","title":{"rendered":"Tomi Ungerer bei W\u00fcrth"},"content":{"rendered":"<h3><span style=\"color: #808080;\">Liebe Kunstfreunde und Schraubenfans ,<\/span><\/h3>\n<h3><span style=\"color: #808080;\">Kdrei beabsichtigt, in den Pfingstferien die neue Ausstellung in der Kunsthalle W\u00fcrth in Schw\u00e4bisch Hall zu besuchen. F\u00fcr Boulespieler, Frankreichfans und Tomi Ungerer-Liebhaber ein Muss und die Gelegenheit, mit Kdrei zur Kunst zu reisen. Wenn Interesse besteht, kann auch noch in K\u00fcnzelsau, in der Sammlung W\u00fcrth, unser verpacktes Vereinsheim angeschaut werden. <\/span><\/h3>\n<h3><span style=\"color: #808080;\">Ein Termin steht noch nicht fest. Macht bitte Vorschl\u00e4ge.<\/span><\/h3>\n<h3><span style=\"color: #808080;\">Wer interesse hat, bitte per Email (info at kdrei-2009.de) melden. <\/span><\/h3>\n<h3><a href=\"http:\/\/kunst.wuerth.com\/de\/kunsthalle-wuerth\/kunsthalle-wuerth.php\"><span style=\"color: #808080;\"><span style=\"color: #232323;\"><span style=\"text-decoration: none;\"><span style=\"color: #808080;\">Hier gehts zur Kunsthalle.<\/span><\/span><\/span><\/span><\/a><\/h3>\n<h3><span style=\"color: #808080;\"><span style=\"color: #232323;\"><span style=\"text-decoration: none;\"><span style=\"color: #808080;\">So w\u00fcrde es vielleicht aussehen, wenn Christo mit uns geboult h\u00e4tte.<\/span><\/span><\/span><\/span><\/h3>\n<div id=\"attachment_890\" style=\"width: 310px\" class=\"wp-caption aligncenter\"><a href=\"https:\/\/www.kdrei-2009.de\/WPKdrei\/wp-content\/uploads\/2010\/05\/Grafenberg100409_06bweb.jpg\" rel=\"lightbox[884]\"><img loading=\"lazy\" decoding=\"async\" aria-describedby=\"caption-attachment-890\" class=\"size-medium wp-image-890\" title=\"Grafenberg100409_06bweb\" src=\"https:\/\/www.kdrei-2009.de\/WPKdrei\/wp-content\/uploads\/2010\/05\/Grafenberg100409_06bweb-300x173.jpg\" alt=\"\" width=\"300\" height=\"173\" srcset=\"https:\/\/www.kdrei-2009.de\/WPKdrei\/wp-content\/uploads\/2010\/05\/Grafenberg100409_06bweb-300x173.jpg 300w, https:\/\/www.kdrei-2009.de\/WPKdrei\/wp-content\/uploads\/2010\/05\/Grafenberg100409_06bweb.jpg 567w\" sizes=\"(max-width: 300px) 100vw, 300px\" \/><\/a><p id=\"caption-attachment-890\" class=\"wp-caption-text\">Das ist Kunst-kein Zaubertrick.<\/p><\/div>\n","protected":false},"excerpt":{"rendered":"<p>Liebe Kunstfreunde und Schraubenfans , Kdrei beabsichtigt, in den Pfingstferien die neue Ausstellung in der Kunsthalle W\u00fcrth in Schw\u00e4bisch Hall zu besuchen. F\u00fcr Boulespieler, Frankreichfans und Tomi Ungerer-Liebhaber ein Muss [&hellip;]<\/p>\n","protected":false},"author":1,"featured_media":0,"parent":5279,"menu_order":5,"comment_status":"open","ping_status":"open","template":"","meta":{"footnotes":""},"_links":{"self":[{"href":"https:\/\/www.kdrei-2009.de\/WPKdrei\/wp-json\/wp\/v2\/pages\/884"}],"collection":[{"href":"https:\/\/www.kdrei-2009.de\/WPKdrei\/wp-json\/wp\/v2\/pages"}],"about":[{"href":"https:\/\/www.kdrei-2009.de\/WPKdrei\/wp-json\/wp\/v2\/types\/page"}],"author":[{"embeddable":true,"href":"https:\/\/www.kdrei-2009.de\/WPKdrei\/wp-json\/wp\/v2\/users\/1"}],"replies":[{"embeddable":true,"href":"https:\/\/www.kdrei-2009.de\/WPKdrei\/wp-json\/wp\/v2\/comments?post=884"}],"version-history":[{"count":6,"href":"https:\/\/www.kdrei-2009.de\/WPKdrei\/wp-json\/wp\/v2\/pages\/884\/revisions"}],"predecessor-version":[{"id":5339,"href":"https:\/\/www.kdrei-2009.de\/WPKdrei\/wp-json\/wp\/v2\/pages\/884\/revisions\/5339"}],"up":[{"embeddable":true,"href":"https:\/\/www.kdrei-2009.de\/WPKdrei\/wp-json\/wp\/v2\/pages\/5279"}],"wp:attachment":[{"href":"https:\/\/www.kdrei-2009.de\/WPKdrei\/wp-json\/wp\/v2\/media?parent=884"}],"curies":[{"name":"wp","href":"https:\/\/api.w.org\/{rel}","templated":true}]}}