{"id":934,"date":"2010-05-19T14:22:11","date_gmt":"2010-05-19T14:22:11","guid":{"rendered":"https:\/\/www.kdrei-2009.de\/WPKdrei\/?page_id=934"},"modified":"2016-03-15T10:59:38","modified_gmt":"2016-03-15T10:59:38","slug":"das-nurtinger-kammerorchester","status":"publish","type":"page","link":"https:\/\/www.kdrei-2009.de\/WPKdrei\/kultur\/kultur-2010-2\/das-nurtinger-kammerorchester\/","title":{"rendered":"Das N\u00fcrtinger Kammerorchester"},"content":{"rendered":"<h3><span style=\"color: #808080;\">Wenn Max Dienstags gegen 19.30Uhr schlagartig den Platz verl\u00e4sst, wissen alle\u00a0Kdreiler , da\u00df Max die 2. Geige bei diesem Orchester spielt. W\u00fcrden alle dort boulen, w\u00fcrde er bestimmt bef\u00f6rdert werden. <\/span><\/h3>\n<h3><span style=\"color: #808080;\">Hier unser Veranstaltungstip.<\/span><\/h3>\n<h3><span style=\"color: #808080;\">SERENADENKONZERT 2010<\/span><\/h3>\n<h3><span style=\"color: #808080;\">John Ireland \u00a0 \u00a0 &#8222;A Downland Suite&#8220;<\/span><\/h3>\n<h3><span style=\"color: #808080;\">W.A. Mozart \u00a0 &#8220; Konzert f\u00fcr Horn und Orchester Nr. 3, Es-Dur, KV 447&#8243; mit Matthias Berg (Horn).<\/span><\/h3>\n<h3><span style=\"color: #808080;\">W.A. Mozart \u00a0&#8220; Symphonie Nr.39, Es-Dur, KV 543&#8243;<\/span><\/h3>\n<h3><span style=\"color: #808080;\">Am 4. Juli, 2010 um 20.00Uhr im Hof der Vers\u00f6hnungskirche, Breiter Weg 26, N\u00fcrtingen.<\/span><\/h3>\n<h4><span style=\"color: #808080;\">Weitere Infos:<\/span><\/h4>\n<h4><a href=\"http:\/\/www.nuertinger-kammerorchester.de\/\"><span style=\"color: #232323;\"><span style=\"text-decoration: none;\"><span style=\"color: #808080;\">N\u00fcrtinger Kammerorchester<\/span><\/span><\/span><\/a><\/h4>\n","protected":false},"excerpt":{"rendered":"<p>Wenn Max Dienstags gegen 19.30Uhr schlagartig den Platz verl\u00e4sst, wissen alle\u00a0Kdreiler , da\u00df Max die 2. Geige bei diesem Orchester spielt. W\u00fcrden alle dort boulen, w\u00fcrde er bestimmt bef\u00f6rdert werden. [&hellip;]<\/p>\n","protected":false},"author":1,"featured_media":0,"parent":5279,"menu_order":6,"comment_status":"open","ping_status":"open","template":"","meta":{"footnotes":""},"_links":{"self":[{"href":"https:\/\/www.kdrei-2009.de\/WPKdrei\/wp-json\/wp\/v2\/pages\/934"}],"collection":[{"href":"https:\/\/www.kdrei-2009.de\/WPKdrei\/wp-json\/wp\/v2\/pages"}],"about":[{"href":"https:\/\/www.kdrei-2009.de\/WPKdrei\/wp-json\/wp\/v2\/types\/page"}],"author":[{"embeddable":true,"href":"https:\/\/www.kdrei-2009.de\/WPKdrei\/wp-json\/wp\/v2\/users\/1"}],"replies":[{"embeddable":true,"href":"https:\/\/www.kdrei-2009.de\/WPKdrei\/wp-json\/wp\/v2\/comments?post=934"}],"version-history":[{"count":6,"href":"https:\/\/www.kdrei-2009.de\/WPKdrei\/wp-json\/wp\/v2\/pages\/934\/revisions"}],"predecessor-version":[{"id":5340,"href":"https:\/\/www.kdrei-2009.de\/WPKdrei\/wp-json\/wp\/v2\/pages\/934\/revisions\/5340"}],"up":[{"embeddable":true,"href":"https:\/\/www.kdrei-2009.de\/WPKdrei\/wp-json\/wp\/v2\/pages\/5279"}],"wp:attachment":[{"href":"https:\/\/www.kdrei-2009.de\/WPKdrei\/wp-json\/wp\/v2\/media?parent=934"}],"curies":[{"name":"wp","href":"https:\/\/api.w.org\/{rel}","templated":true}]}}