{"id":966,"date":"2010-05-28T11:27:36","date_gmt":"2010-05-28T11:27:36","guid":{"rendered":"https:\/\/www.kdrei-2009.de\/WPKdrei\/?page_id=966"},"modified":"2016-03-15T10:59:38","modified_gmt":"2016-03-15T10:59:38","slug":"kunsthalle-wurth","status":"publish","type":"page","link":"https:\/\/www.kdrei-2009.de\/WPKdrei\/kultur\/kultur-2010-2\/kunsthalle-wurth\/","title":{"rendered":"Kunsthalle W\u00fcrth"},"content":{"rendered":"<h4><span style=\"color: #808080;\">W\u00e4hrend es im Neckartal noch regnete, bereitete sich das Kochertal auf seinen ersten Kdrei-Besuch vor. Rechtzeitig bei Ankunft der beiden Kdrei-Mobile, scheinte die Sonne und machte den Tag zu einem echten Kdrei-Tag. Eine Gruppe vergn\u00fcgte sich in der Kunsthalle bei Tomi Ungereres witzigen, erotischen, politischen, kindischen und kritischen Zeichnungen w\u00e4hrend sich die 2. Gruppe unerwarteter Weise f\u00fcr das Museum W\u00fcrth in K\u00fcnzelsau entschieden hatte. Anschliessend ging es dann gemeinsam gegen\u00fcber ins Sudhaus, um bei leckerer Currywurst und Pommes sich f\u00fcr den Stadtrundgang zu st\u00e4rken. Alle Beteiligten mussten anerkennend feststellen, das die Substanz der Stadt und das angebotene Eis beim Italiener einen Besuch wert ist.<\/span><\/h4>\n<div id=\"attachment_958\" style=\"width: 310px\" class=\"wp-caption aligncenter\"><a href=\"https:\/\/www.kdrei-2009.de\/WPKdrei\/wp-content\/uploads\/2010\/05\/K3_SHall_1005_15WEB.jpg\" rel=\"lightbox[966]\"><img loading=\"lazy\" decoding=\"async\" aria-describedby=\"caption-attachment-958\" class=\"size-medium wp-image-958 \" title=\"K3_SHall_1005_15WEB\" src=\"https:\/\/www.kdrei-2009.de\/WPKdrei\/wp-content\/uploads\/2010\/05\/K3_SHall_1005_15WEB-300x300.jpg\" alt=\"\" width=\"300\" height=\"300\" srcset=\"https:\/\/www.kdrei-2009.de\/WPKdrei\/wp-content\/uploads\/2010\/05\/K3_SHall_1005_15WEB-300x300.jpg 300w, https:\/\/www.kdrei-2009.de\/WPKdrei\/wp-content\/uploads\/2010\/05\/K3_SHall_1005_15WEB-150x150.jpg 150w, https:\/\/www.kdrei-2009.de\/WPKdrei\/wp-content\/uploads\/2010\/05\/K3_SHall_1005_15WEB.jpg 567w\" sizes=\"(max-width: 300px) 100vw, 300px\" \/><\/a><p id=\"caption-attachment-958\" class=\"wp-caption-text\">Ungerers Empfangsschild<\/p><\/div>\n<div id=\"attachment_957\" style=\"width: 310px\" class=\"wp-caption aligncenter\"><a href=\"https:\/\/www.kdrei-2009.de\/WPKdrei\/wp-content\/uploads\/2010\/05\/K3_SHall_1005_16WEB.jpg\" rel=\"lightbox[966]\"><img loading=\"lazy\" decoding=\"async\" aria-describedby=\"caption-attachment-957\" class=\"size-medium wp-image-957\" title=\"K3_SHall_1005_16WEB\" src=\"https:\/\/www.kdrei-2009.de\/WPKdrei\/wp-content\/uploads\/2010\/05\/K3_SHall_1005_16WEB-300x300.jpg\" alt=\"\" width=\"300\" height=\"300\" srcset=\"https:\/\/www.kdrei-2009.de\/WPKdrei\/wp-content\/uploads\/2010\/05\/K3_SHall_1005_16WEB-300x300.jpg 300w, https:\/\/www.kdrei-2009.de\/WPKdrei\/wp-content\/uploads\/2010\/05\/K3_SHall_1005_16WEB-150x150.jpg 150w, https:\/\/www.kdrei-2009.de\/WPKdrei\/wp-content\/uploads\/2010\/05\/K3_SHall_1005_16WEB.jpg 567w\" sizes=\"(max-width: 300px) 100vw, 300px\" \/><\/a><p id=\"caption-attachment-957\" class=\"wp-caption-text\">W\u00fcrths Empfangsschild<\/p><\/div>\n<div id=\"attachment_954\" style=\"width: 310px\" class=\"wp-caption aligncenter\"><a href=\"https:\/\/www.kdrei-2009.de\/WPKdrei\/wp-content\/uploads\/2010\/05\/K3_SHall_1005_09WEB.jpg\" rel=\"lightbox[966]\"><img loading=\"lazy\" decoding=\"async\" aria-describedby=\"caption-attachment-954\" class=\"size-medium wp-image-954\" title=\"K3_SHall_1005_09WEB\" src=\"https:\/\/www.kdrei-2009.de\/WPKdrei\/wp-content\/uploads\/2010\/05\/K3_SHall_1005_09WEB-300x300.jpg\" alt=\"\" width=\"300\" height=\"300\" srcset=\"https:\/\/www.kdrei-2009.de\/WPKdrei\/wp-content\/uploads\/2010\/05\/K3_SHall_1005_09WEB-300x300.jpg 300w, https:\/\/www.kdrei-2009.de\/WPKdrei\/wp-content\/uploads\/2010\/05\/K3_SHall_1005_09WEB-150x150.jpg 150w, https:\/\/www.kdrei-2009.de\/WPKdrei\/wp-content\/uploads\/2010\/05\/K3_SHall_1005_09WEB.jpg 567w\" sizes=\"(max-width: 300px) 100vw, 300px\" \/><\/a><p id=\"caption-attachment-954\" class=\"wp-caption-text\">W\u00fcrths Museum<\/p><\/div>\n<div id=\"attachment_953\" style=\"width: 310px\" class=\"wp-caption aligncenter\"><a href=\"https:\/\/www.kdrei-2009.de\/WPKdrei\/wp-content\/uploads\/2010\/05\/K3_SHall_1005_17WEB.jpg\" rel=\"lightbox[966]\"><img loading=\"lazy\" decoding=\"async\" aria-describedby=\"caption-attachment-953\" class=\"size-medium wp-image-953\" title=\"K3_SHall_1005_17WEB\" src=\"https:\/\/www.kdrei-2009.de\/WPKdrei\/wp-content\/uploads\/2010\/05\/K3_SHall_1005_17WEB-300x300.jpg\" alt=\"\" width=\"300\" height=\"300\" srcset=\"https:\/\/www.kdrei-2009.de\/WPKdrei\/wp-content\/uploads\/2010\/05\/K3_SHall_1005_17WEB-300x300.jpg 300w, https:\/\/www.kdrei-2009.de\/WPKdrei\/wp-content\/uploads\/2010\/05\/K3_SHall_1005_17WEB-150x150.jpg 150w, https:\/\/www.kdrei-2009.de\/WPKdrei\/wp-content\/uploads\/2010\/05\/K3_SHall_1005_17WEB.jpg 567w\" sizes=\"(max-width: 300px) 100vw, 300px\" \/><\/a><p id=\"caption-attachment-953\" class=\"wp-caption-text\">W\u00fcrths Fassade<\/p><\/div>\n<div id=\"attachment_965\" style=\"width: 310px\" class=\"wp-caption aligncenter\"><a href=\"https:\/\/www.kdrei-2009.de\/WPKdrei\/wp-content\/uploads\/2010\/05\/K3_SHall_1005_05WEB.jpg\" rel=\"lightbox[966]\"><img loading=\"lazy\" decoding=\"async\" aria-describedby=\"caption-attachment-965\" class=\"size-medium wp-image-965\" title=\"K3_SHall_1005_05WEB\" src=\"https:\/\/www.kdrei-2009.de\/WPKdrei\/wp-content\/uploads\/2010\/05\/K3_SHall_1005_05WEB-300x130.jpg\" alt=\"\" width=\"300\" height=\"130\" srcset=\"https:\/\/www.kdrei-2009.de\/WPKdrei\/wp-content\/uploads\/2010\/05\/K3_SHall_1005_05WEB-300x130.jpg 300w, https:\/\/www.kdrei-2009.de\/WPKdrei\/wp-content\/uploads\/2010\/05\/K3_SHall_1005_05WEB.jpg 850w\" sizes=\"(max-width: 300px) 100vw, 300px\" \/><\/a><p id=\"caption-attachment-965\" class=\"wp-caption-text\">Stilvolle Currywurst.<\/p><\/div>\n<div id=\"attachment_964\" style=\"width: 310px\" class=\"wp-caption aligncenter\"><a href=\"https:\/\/www.kdrei-2009.de\/WPKdrei\/wp-content\/uploads\/2010\/05\/K3_SHall_1005_04WEB.jpg\" rel=\"lightbox[966]\"><img loading=\"lazy\" decoding=\"async\" aria-describedby=\"caption-attachment-964\" class=\"size-medium wp-image-964\" title=\"K3_SHall_1005_04WEB\" src=\"https:\/\/www.kdrei-2009.de\/WPKdrei\/wp-content\/uploads\/2010\/05\/K3_SHall_1005_04WEB-300x143.jpg\" alt=\"\" width=\"300\" height=\"143\" srcset=\"https:\/\/www.kdrei-2009.de\/WPKdrei\/wp-content\/uploads\/2010\/05\/K3_SHall_1005_04WEB-300x143.jpg 300w, https:\/\/www.kdrei-2009.de\/WPKdrei\/wp-content\/uploads\/2010\/05\/K3_SHall_1005_04WEB-1024x490.jpg 1024w, https:\/\/www.kdrei-2009.de\/WPKdrei\/wp-content\/uploads\/2010\/05\/K3_SHall_1005_04WEB.jpg 1134w\" sizes=\"(max-width: 300px) 100vw, 300px\" \/><\/a><p id=\"caption-attachment-964\" class=\"wp-caption-text\">Das Gruppenbild.<\/p><\/div>\n<div id=\"attachment_952\" style=\"width: 310px\" class=\"wp-caption aligncenter\"><a href=\"https:\/\/www.kdrei-2009.de\/WPKdrei\/wp-content\/uploads\/2010\/05\/K3_SHall_1005_02WEB.jpg\" rel=\"lightbox[966]\"><img loading=\"lazy\" decoding=\"async\" aria-describedby=\"caption-attachment-952\" class=\"size-medium wp-image-952\" title=\"K3_SHall_1005_02WEB\" src=\"https:\/\/www.kdrei-2009.de\/WPKdrei\/wp-content\/uploads\/2010\/05\/K3_SHall_1005_02WEB-300x172.jpg\" alt=\"\" width=\"300\" height=\"172\" srcset=\"https:\/\/www.kdrei-2009.de\/WPKdrei\/wp-content\/uploads\/2010\/05\/K3_SHall_1005_02WEB-300x172.jpg 300w, https:\/\/www.kdrei-2009.de\/WPKdrei\/wp-content\/uploads\/2010\/05\/K3_SHall_1005_02WEB-1024x589.jpg 1024w, https:\/\/www.kdrei-2009.de\/WPKdrei\/wp-content\/uploads\/2010\/05\/K3_SHall_1005_02WEB.jpg 1134w\" sizes=\"(max-width: 300px) 100vw, 300px\" \/><\/a><p id=\"caption-attachment-952\" class=\"wp-caption-text\">Das Sudhaus-Bier.<\/p><\/div>\n<div id=\"attachment_949\" style=\"width: 310px\" class=\"wp-caption aligncenter\"><a href=\"https:\/\/www.kdrei-2009.de\/WPKdrei\/wp-content\/uploads\/2010\/05\/K3_SHall_1005_06WEB.jpg\" rel=\"lightbox[966]\"><img loading=\"lazy\" decoding=\"async\" aria-describedby=\"caption-attachment-949\" class=\"size-medium wp-image-949\" title=\"K3_SHall_1005_06WEB\" src=\"https:\/\/www.kdrei-2009.de\/WPKdrei\/wp-content\/uploads\/2010\/05\/K3_SHall_1005_06WEB-300x130.jpg\" alt=\"\" width=\"300\" height=\"130\" srcset=\"https:\/\/www.kdrei-2009.de\/WPKdrei\/wp-content\/uploads\/2010\/05\/K3_SHall_1005_06WEB-300x130.jpg 300w, https:\/\/www.kdrei-2009.de\/WPKdrei\/wp-content\/uploads\/2010\/05\/K3_SHall_1005_06WEB.jpg 850w\" sizes=\"(max-width: 300px) 100vw, 300px\" \/><\/a><p id=\"caption-attachment-949\" class=\"wp-caption-text\">Das war lecker.<\/p><\/div>\n<div id=\"attachment_956\" style=\"width: 310px\" class=\"wp-caption aligncenter\"><a href=\"https:\/\/www.kdrei-2009.de\/WPKdrei\/wp-content\/uploads\/2010\/05\/K3_SHall_1005_08WEB.jpg\" rel=\"lightbox[966]\"><img loading=\"lazy\" decoding=\"async\" aria-describedby=\"caption-attachment-956\" class=\"size-medium wp-image-956\" title=\"K3_SHall_1005_08WEB\" src=\"https:\/\/www.kdrei-2009.de\/WPKdrei\/wp-content\/uploads\/2010\/05\/K3_SHall_1005_08WEB-300x130.jpg\" alt=\"\" width=\"300\" height=\"130\" srcset=\"https:\/\/www.kdrei-2009.de\/WPKdrei\/wp-content\/uploads\/2010\/05\/K3_SHall_1005_08WEB-300x130.jpg 300w, https:\/\/www.kdrei-2009.de\/WPKdrei\/wp-content\/uploads\/2010\/05\/K3_SHall_1005_08WEB.jpg 850w\" sizes=\"(max-width: 300px) 100vw, 300px\" \/><\/a><p id=\"caption-attachment-956\" class=\"wp-caption-text\">Espresso muss sein.<\/p><\/div>\n<div id=\"attachment_951\" style=\"width: 310px\" class=\"wp-caption aligncenter\"><a href=\"https:\/\/www.kdrei-2009.de\/WPKdrei\/wp-content\/uploads\/2010\/05\/K3_SHall_1005_25WEB.jpg\" rel=\"lightbox[966]\"><img loading=\"lazy\" decoding=\"async\" aria-describedby=\"caption-attachment-951\" class=\"size-medium wp-image-951\" title=\"K3_SHall_1005_25WEB\" src=\"https:\/\/www.kdrei-2009.de\/WPKdrei\/wp-content\/uploads\/2010\/05\/K3_SHall_1005_25WEB-300x300.jpg\" alt=\"\" width=\"300\" height=\"300\" srcset=\"https:\/\/www.kdrei-2009.de\/WPKdrei\/wp-content\/uploads\/2010\/05\/K3_SHall_1005_25WEB-300x300.jpg 300w, https:\/\/www.kdrei-2009.de\/WPKdrei\/wp-content\/uploads\/2010\/05\/K3_SHall_1005_25WEB-150x150.jpg 150w, https:\/\/www.kdrei-2009.de\/WPKdrei\/wp-content\/uploads\/2010\/05\/K3_SHall_1005_25WEB.jpg 567w\" sizes=\"(max-width: 300px) 100vw, 300px\" \/><\/a><p id=\"caption-attachment-951\" class=\"wp-caption-text\">Na jetzt sind sie endlich da.<\/p><\/div>\n<p><a href=\"https:\/\/www.kdrei-2009.de\/WPKdrei\/wp-content\/uploads\/2010\/05\/K3_SHall_1005_19WEB.jpg\" rel=\"lightbox[966]\"><img loading=\"lazy\" decoding=\"async\" class=\"aligncenter size-medium wp-image-955\" title=\"K3_SHall_1005_19WEB\" src=\"https:\/\/www.kdrei-2009.de\/WPKdrei\/wp-content\/uploads\/2010\/05\/K3_SHall_1005_19WEB-300x300.jpg\" alt=\"\" width=\"300\" height=\"300\" srcset=\"https:\/\/www.kdrei-2009.de\/WPKdrei\/wp-content\/uploads\/2010\/05\/K3_SHall_1005_19WEB-300x300.jpg 300w, https:\/\/www.kdrei-2009.de\/WPKdrei\/wp-content\/uploads\/2010\/05\/K3_SHall_1005_19WEB-150x150.jpg 150w, https:\/\/www.kdrei-2009.de\/WPKdrei\/wp-content\/uploads\/2010\/05\/K3_SHall_1005_19WEB.jpg 567w\" sizes=\"(max-width: 300px) 100vw, 300px\" \/><\/a><\/p>\n<div id=\"attachment_961\" style=\"width: 310px\" class=\"wp-caption aligncenter\"><a href=\"https:\/\/www.kdrei-2009.de\/WPKdrei\/wp-content\/uploads\/2010\/05\/K3_SHall_1005_23WEB.jpg\" rel=\"lightbox[966]\"><img loading=\"lazy\" decoding=\"async\" aria-describedby=\"caption-attachment-961\" class=\"size-medium wp-image-961\" title=\"K3_SHall_1005_23WEB\" src=\"https:\/\/www.kdrei-2009.de\/WPKdrei\/wp-content\/uploads\/2010\/05\/K3_SHall_1005_23WEB-300x300.jpg\" alt=\"\" width=\"300\" height=\"300\" srcset=\"https:\/\/www.kdrei-2009.de\/WPKdrei\/wp-content\/uploads\/2010\/05\/K3_SHall_1005_23WEB-300x300.jpg 300w, https:\/\/www.kdrei-2009.de\/WPKdrei\/wp-content\/uploads\/2010\/05\/K3_SHall_1005_23WEB-150x150.jpg 150w, https:\/\/www.kdrei-2009.de\/WPKdrei\/wp-content\/uploads\/2010\/05\/K3_SHall_1005_23WEB.jpg 567w\" sizes=\"(max-width: 300px) 100vw, 300px\" \/><\/a><p id=\"caption-attachment-961\" class=\"wp-caption-text\">Skyline Schw\u00e4bisch Hall, die Stadt an der Kocher.<\/p><\/div>\n<div id=\"attachment_960\" style=\"width: 310px\" class=\"wp-caption aligncenter\"><a href=\"https:\/\/www.kdrei-2009.de\/WPKdrei\/wp-content\/uploads\/2010\/05\/K3_SHall_1005_24WEB.jpg\" rel=\"lightbox[966]\"><img loading=\"lazy\" decoding=\"async\" aria-describedby=\"caption-attachment-960\" class=\"size-medium wp-image-960\" title=\"K3_SHall_1005_24WEB\" src=\"https:\/\/www.kdrei-2009.de\/WPKdrei\/wp-content\/uploads\/2010\/05\/K3_SHall_1005_24WEB-300x300.jpg\" alt=\"\" width=\"300\" height=\"300\" srcset=\"https:\/\/www.kdrei-2009.de\/WPKdrei\/wp-content\/uploads\/2010\/05\/K3_SHall_1005_24WEB-300x300.jpg 300w, https:\/\/www.kdrei-2009.de\/WPKdrei\/wp-content\/uploads\/2010\/05\/K3_SHall_1005_24WEB-150x150.jpg 150w, https:\/\/www.kdrei-2009.de\/WPKdrei\/wp-content\/uploads\/2010\/05\/K3_SHall_1005_24WEB.jpg 567w\" sizes=\"(max-width: 300px) 100vw, 300px\" \/><\/a><p id=\"caption-attachment-960\" class=\"wp-caption-text\">Aussenklo-Schw. Hall. Siehe auch Leonberger Seite.<\/p><\/div>\n<div id=\"attachment_950\" style=\"width: 310px\" class=\"wp-caption aligncenter\"><a href=\"https:\/\/www.kdrei-2009.de\/WPKdrei\/wp-content\/uploads\/2010\/05\/K3_SHall_1005_26WEB.jpg\" rel=\"lightbox[966]\"><img loading=\"lazy\" decoding=\"async\" aria-describedby=\"caption-attachment-950\" class=\"size-medium wp-image-950\" title=\"K3_SHall_1005_26WEB\" src=\"https:\/\/www.kdrei-2009.de\/WPKdrei\/wp-content\/uploads\/2010\/05\/K3_SHall_1005_26WEB-300x300.jpg\" alt=\"\" width=\"300\" height=\"300\" srcset=\"https:\/\/www.kdrei-2009.de\/WPKdrei\/wp-content\/uploads\/2010\/05\/K3_SHall_1005_26WEB-300x300.jpg 300w, https:\/\/www.kdrei-2009.de\/WPKdrei\/wp-content\/uploads\/2010\/05\/K3_SHall_1005_26WEB-150x150.jpg 150w, https:\/\/www.kdrei-2009.de\/WPKdrei\/wp-content\/uploads\/2010\/05\/K3_SHall_1005_26WEB.jpg 567w\" sizes=\"(max-width: 300px) 100vw, 300px\" \/><\/a><p id=\"caption-attachment-950\" class=\"wp-caption-text\">He&#39;s the king.<\/p><\/div>\n<div id=\"attachment_962\" style=\"width: 310px\" class=\"wp-caption aligncenter\"><a href=\"https:\/\/www.kdrei-2009.de\/WPKdrei\/wp-content\/uploads\/2010\/05\/K3_SHall_1005_20WEB.jpg\" rel=\"lightbox[966]\"><img loading=\"lazy\" decoding=\"async\" aria-describedby=\"caption-attachment-962\" class=\"size-medium wp-image-962\" title=\"K3_SHall_1005_20WEB\" src=\"https:\/\/www.kdrei-2009.de\/WPKdrei\/wp-content\/uploads\/2010\/05\/K3_SHall_1005_20WEB-300x300.jpg\" alt=\"\" width=\"300\" height=\"300\" srcset=\"https:\/\/www.kdrei-2009.de\/WPKdrei\/wp-content\/uploads\/2010\/05\/K3_SHall_1005_20WEB-300x300.jpg 300w, https:\/\/www.kdrei-2009.de\/WPKdrei\/wp-content\/uploads\/2010\/05\/K3_SHall_1005_20WEB-150x150.jpg 150w, https:\/\/www.kdrei-2009.de\/WPKdrei\/wp-content\/uploads\/2010\/05\/K3_SHall_1005_20WEB.jpg 567w\" sizes=\"(max-width: 300px) 100vw, 300px\" \/><\/a><p id=\"caption-attachment-962\" class=\"wp-caption-text\">All the world&#39;s a stage...<\/p><\/div>\n<p><a href=\"https:\/\/www.kdrei-2009.de\/WPKdrei\/wp-content\/uploads\/2010\/05\/K3_SHall_1005_30WEB.jpg\" rel=\"lightbox[966]\"><img loading=\"lazy\" decoding=\"async\" class=\"aligncenter size-medium wp-image-959\" title=\"K3_SHall_1005_30WEB\" src=\"https:\/\/www.kdrei-2009.de\/WPKdrei\/wp-content\/uploads\/2010\/05\/K3_SHall_1005_30WEB-300x300.jpg\" alt=\"\" width=\"300\" height=\"300\" srcset=\"https:\/\/www.kdrei-2009.de\/WPKdrei\/wp-content\/uploads\/2010\/05\/K3_SHall_1005_30WEB-300x300.jpg 300w, https:\/\/www.kdrei-2009.de\/WPKdrei\/wp-content\/uploads\/2010\/05\/K3_SHall_1005_30WEB-150x150.jpg 150w, https:\/\/www.kdrei-2009.de\/WPKdrei\/wp-content\/uploads\/2010\/05\/K3_SHall_1005_30WEB.jpg 567w\" sizes=\"(max-width: 300px) 100vw, 300px\" \/><\/a><\/p>\n","protected":false},"excerpt":{"rendered":"<p>W\u00e4hrend es im Neckartal noch regnete, bereitete sich das Kochertal auf seinen ersten Kdrei-Besuch vor. Rechtzeitig bei Ankunft der beiden Kdrei-Mobile, scheinte die Sonne und machte den Tag zu einem [&hellip;]<\/p>\n","protected":false},"author":1,"featured_media":0,"parent":5279,"menu_order":7,"comment_status":"open","ping_status":"open","template":"","meta":{"footnotes":""},"_links":{"self":[{"href":"https:\/\/www.kdrei-2009.de\/WPKdrei\/wp-json\/wp\/v2\/pages\/966"}],"collection":[{"href":"https:\/\/www.kdrei-2009.de\/WPKdrei\/wp-json\/wp\/v2\/pages"}],"about":[{"href":"https:\/\/www.kdrei-2009.de\/WPKdrei\/wp-json\/wp\/v2\/types\/page"}],"author":[{"embeddable":true,"href":"https:\/\/www.kdrei-2009.de\/WPKdrei\/wp-json\/wp\/v2\/users\/1"}],"replies":[{"embeddable":true,"href":"https:\/\/www.kdrei-2009.de\/WPKdrei\/wp-json\/wp\/v2\/comments?post=966"}],"version-history":[{"count":6,"href":"https:\/\/www.kdrei-2009.de\/WPKdrei\/wp-json\/wp\/v2\/pages\/966\/revisions"}],"predecessor-version":[{"id":5341,"href":"https:\/\/www.kdrei-2009.de\/WPKdrei\/wp-json\/wp\/v2\/pages\/966\/revisions\/5341"}],"up":[{"embeddable":true,"href":"https:\/\/www.kdrei-2009.de\/WPKdrei\/wp-json\/wp\/v2\/pages\/5279"}],"wp:attachment":[{"href":"https:\/\/www.kdrei-2009.de\/WPKdrei\/wp-json\/wp\/v2\/media?parent=966"}],"curies":[{"name":"wp","href":"https:\/\/api.w.org\/{rel}","templated":true}]}}